{"id":15899,"date":"2022-02-16T20:39:07","date_gmt":"2022-02-16T20:39:07","guid":{"rendered":"https:\/\/staging.web9.wildweb.no\/soins-a-domicile-orkla\/"},"modified":"2025-09-03T21:26:23","modified_gmt":"2025-09-03T20:26:23","slug":"orkla-house-care","status":"publish","type":"page","link":"https:\/\/staging.web9.wildweb.no\/fr\/a-propos-de-nous\/orkla-house-care\/","title":{"rendered":"Orkla House Care"},"content":{"rendered":"\n<div class=\"wp-block-group\"><div class=\"wp-block-group__inner-container is-layout-flow wp-block-group-is-layout-flow\">\n<p>Orkla House Care en Su\u00e8de vend et commercialise ses propres marques Anza et Anza Pro, ainsi que plusieurs autres marques de premier plan dans le domaine de la peinture et de la s\u00e9curit\u00e9 sur le lieu de travail. Cela fait d&#8217;Orkla House Care un partenaire solide et polyvalent. Si vous souhaitez en savoir plus sur Orkla House Care, <a href=\"https:\/\/www.orklahousecare.com\/\">cliquez ici.<\/a><\/p>\n<\/div><\/div>\n\n\n\n<div class=\"wp-block-media-text alignwide has-media-on-the-right is-stacked-on-mobile\"><div class=\"wp-block-media-text__content\">\n<h2 class=\"wp-block-heading\" id=\"anza\">Anza<\/h2>\n\n\n\n<p>Anza offre tout ce dont le bricoleur a besoin. En d&#8217;autres termes, de superbes outils de peinture et des conseils concrets pour vous aider \u00e0 r\u00e9ussir chaque \u00e9tape d&#8217;un projet de peinture, de la pr\u00e9paration au r\u00e9sultat final.<\/p>\n<\/div><figure class=\"wp-block-media-text__media\"><img loading=\"lazy\" decoding=\"async\" width=\"1024\" height=\"768\" src=\"https:\/\/staging.web9.wildweb.no\/app\/uploads\/sites\/23\/2022\/02\/ohc_anza-1024x768.jpg\" alt=\"ANZA -  Faites vous m\u00eame. Mais pas seul.\" class=\"wp-image-15925 size-full\" srcset=\"https:\/\/staging.web9.wildweb.no\/app\/uploads\/sites\/23\/2022\/02\/ohc_anza-1024x768.jpg 1024w, https:\/\/staging.web9.wildweb.no\/app\/uploads\/sites\/23\/2022\/02\/ohc_anza-300x225.jpg 300w, https:\/\/staging.web9.wildweb.no\/app\/uploads\/sites\/23\/2022\/02\/ohc_anza-768x576.jpg 768w, https:\/\/staging.web9.wildweb.no\/app\/uploads\/sites\/23\/2022\/02\/ohc_anza-352x264.jpg 352w, https:\/\/staging.web9.wildweb.no\/app\/uploads\/sites\/23\/2022\/02\/ohc_anza-400x300.jpg 400w, https:\/\/staging.web9.wildweb.no\/app\/uploads\/sites\/23\/2022\/02\/ohc_anza.jpg 1240w\" sizes=\"auto, (max-width: 1024px) 100vw, 1024px\" \/><\/figure><\/div>\n\n\n\n<div class=\"wp-block-media-text alignwide is-stacked-on-mobile\"><figure class=\"wp-block-media-text__media\"><img loading=\"lazy\" decoding=\"async\" width=\"1024\" height=\"684\" src=\"https:\/\/staging.web9.wildweb.no\/app\/uploads\/sites\/23\/2022\/02\/ohc_anzapro-1024x684.jpg\" alt=\"ANZA PRO - Nous savons ce qu'il faut faire\" class=\"wp-image-15931 size-full\" srcset=\"https:\/\/staging.web9.wildweb.no\/app\/uploads\/sites\/23\/2022\/02\/ohc_anzapro-1024x684.jpg 1024w, https:\/\/staging.web9.wildweb.no\/app\/uploads\/sites\/23\/2022\/02\/ohc_anzapro-300x200.jpg 300w, https:\/\/staging.web9.wildweb.no\/app\/uploads\/sites\/23\/2022\/02\/ohc_anzapro-768x513.jpg 768w, https:\/\/staging.web9.wildweb.no\/app\/uploads\/sites\/23\/2022\/02\/ohc_anzapro-400x267.jpg 400w, https:\/\/staging.web9.wildweb.no\/app\/uploads\/sites\/23\/2022\/02\/ohc_anzapro-395x264.jpg 395w, https:\/\/staging.web9.wildweb.no\/app\/uploads\/sites\/23\/2022\/02\/ohc_anzapro.jpg 1240w\" sizes=\"auto, (max-width: 1024px) 100vw, 1024px\" \/><\/figure><div class=\"wp-block-media-text__content\">\n<h2 class=\"wp-block-heading\" id=\"anza-pro\">Anza Pro<\/h2>\n\n\n\n<p>Anza Pro est la gamme sp\u00e9ciale d&#8217;Anza pour les peintres professionnels. Vous trouverez ici les outils et accessoires de peinture les plus avanc\u00e9s, tous soigneusement d\u00e9velopp\u00e9s et test\u00e9s pour offrir de meilleurs r\u00e9sultats, une plus grande efficacit\u00e9 et un plus grand soulagement pendant les journ\u00e9es de travail difficiles.<\/p>\n<\/div><\/div>\n\n\n\n<div class=\"wp-block-media-text alignwide has-media-on-the-right is-stacked-on-mobile\"><div class=\"wp-block-media-text__content\">\n<h2 class=\"wp-block-heading\" id=\"wagner\">Anza Industrial &amp; Coating<\/h2>\n\n\n\n<p>L&#8217;assortiment Anza d&#8217;outils de peinture con\u00e7us sur mesure pour les applications industrielles et de rev\u00eatement.<\/p>\n<\/div><figure class=\"wp-block-media-text__media\"><img loading=\"lazy\" decoding=\"async\" width=\"1024\" height=\"768\" src=\"https:\/\/staging.web9.wildweb.no\/app\/uploads\/sites\/23\/2023\/06\/coating-1024x768.jpg\" alt=\"ANZA Industrial and Coatings\" class=\"wp-image-15912 size-full\" srcset=\"https:\/\/staging.web9.wildweb.no\/app\/uploads\/sites\/23\/2023\/06\/coating-1024x768.jpg 1024w, https:\/\/staging.web9.wildweb.no\/app\/uploads\/sites\/23\/2023\/06\/coating-300x225.jpg 300w, https:\/\/staging.web9.wildweb.no\/app\/uploads\/sites\/23\/2023\/06\/coating-768x576.jpg 768w, https:\/\/staging.web9.wildweb.no\/app\/uploads\/sites\/23\/2023\/06\/coating-352x264.jpg 352w, https:\/\/staging.web9.wildweb.no\/app\/uploads\/sites\/23\/2023\/06\/coating-400x300.jpg 400w, https:\/\/staging.web9.wildweb.no\/app\/uploads\/sites\/23\/2023\/06\/coating.jpg 1240w\" sizes=\"auto, (max-width: 1024px) 100vw, 1024px\" \/><\/figure><\/div>\n","protected":false},"excerpt":{"rendered":"<p>Une bo\u00eete \u00e0 outils compl\u00e8te pour les peintres<\/p>\n","protected":false},"author":4,"featured_media":15909,"parent":15936,"menu_order":0,"comment_status":"closed","ping_status":"closed","template":"About.php","meta":{"_acf_changed":false,"_relevanssi_hide_post":"","_relevanssi_hide_content":"","_relevanssi_pin_for_all":"","_relevanssi_pin_keywords":"","_relevanssi_unpin_keywords":"","_relevanssi_related_keywords":"","_relevanssi_related_include_ids":"","_relevanssi_related_exclude_ids":"","_relevanssi_related_no_append":"","_relevanssi_related_not_related":"","_relevanssi_related_posts":"","_relevanssi_noindex_reason":"","inline_featured_image":false,"footnotes":""},"class_list":["post-15899","page","type-page","status-publish","has-post-thumbnail","hentry"],"acf":[],"yoast_head":"<!-- This site is optimized with the Yoast SEO plugin v27.4 - https:\/\/yoast.com\/product\/yoast-seo-wordpress\/ -->\n<title>Orkla House Care &#8211; Anza Benelux<\/title>\n<meta name=\"description\" content=\"Anza is a leading Swedish supplier of painting tools, brushes, rollers and cleaners. Anza helps you with your painting projects. Read more here!\" \/>\n<meta name=\"robots\" content=\"noindex, follow, max-snippet:-1, max-image-preview:large, max-video-preview:-1\" \/>\n<meta property=\"og:locale\" content=\"fr_FR\" \/>\n<meta property=\"og:type\" content=\"website\" \/>\n<meta property=\"og:title\" content=\"Orkla House Care &#8211; Anza Benelux\" \/>\n<meta property=\"og:description\" content=\"Anza is a leading Swedish supplier of painting tools, brushes, rollers and cleaners. Anza helps you with your painting projects. Read more here!\" \/>\n<meta property=\"og:url\" content=\"https:\/\/staging.web9.wildweb.no\/fr\/a-propos-de-nous\/orkla-house-care\/\" \/>\n<meta property=\"og:site_name\" content=\"Anza Benelux\" \/>\n<meta property=\"article:publisher\" content=\"https:\/\/www.facebook.com\/anzamaleriverktyg\/\" \/>\n<meta property=\"article:modified_time\" content=\"2025-09-03T20:26:23+00:00\" \/>\n<meta property=\"og:image\" content=\"https:\/\/staging.web9.wildweb.no\/app\/uploads\/sites\/23\/2022\/02\/painters.jpg\" \/>\n\t<meta property=\"og:image:width\" content=\"1600\" \/>\n\t<meta property=\"og:image:height\" content=\"1334\" \/>\n\t<meta property=\"og:image:type\" content=\"image\/jpeg\" \/>\n<meta name=\"twitter:card\" content=\"summary_large_image\" \/>\n<meta name=\"twitter:label1\" content=\"Est. reading time\" \/>\n\t<meta name=\"twitter:data1\" content=\"2 minutes\" \/>\n<script type=\"application\/ld+json\" class=\"yoast-schema-graph\">{\"@context\":\"https:\\\/\\\/schema.org\",\"@graph\":[{\"@type\":\"WebPage\",\"@id\":\"https:\\\/\\\/staging.web9.wildweb.no\\\/fr\\\/a-propos-de-nous\\\/orkla-house-care\\\/\",\"url\":\"https:\\\/\\\/staging.web9.wildweb.no\\\/fr\\\/a-propos-de-nous\\\/orkla-house-care\\\/\",\"name\":\"Orkla House Care &#8211; Anza Benelux\",\"isPartOf\":{\"@id\":\"https:\\\/\\\/staging.web9.wildweb.no\\\/fr\\\/#website\"},\"primaryImageOfPage\":{\"@id\":\"https:\\\/\\\/staging.web9.wildweb.no\\\/fr\\\/a-propos-de-nous\\\/orkla-house-care\\\/#primaryimage\"},\"image\":{\"@id\":\"https:\\\/\\\/staging.web9.wildweb.no\\\/fr\\\/a-propos-de-nous\\\/orkla-house-care\\\/#primaryimage\"},\"thumbnailUrl\":\"https:\\\/\\\/staging.web9.wildweb.no\\\/app\\\/uploads\\\/sites\\\/23\\\/2022\\\/02\\\/painters.jpg\",\"datePublished\":\"2022-02-16T20:39:07+00:00\",\"dateModified\":\"2025-09-03T20:26:23+00:00\",\"description\":\"Anza is a leading Swedish supplier of painting tools, brushes, rollers and cleaners. Anza helps you with your painting projects. Read more here!\",\"breadcrumb\":{\"@id\":\"https:\\\/\\\/staging.web9.wildweb.no\\\/fr\\\/a-propos-de-nous\\\/orkla-house-care\\\/#breadcrumb\"},\"inLanguage\":\"fr-BE\",\"potentialAction\":[{\"@type\":\"ReadAction\",\"target\":[\"https:\\\/\\\/staging.web9.wildweb.no\\\/fr\\\/a-propos-de-nous\\\/orkla-house-care\\\/\"]}]},{\"@type\":\"ImageObject\",\"inLanguage\":\"fr-BE\",\"@id\":\"https:\\\/\\\/staging.web9.wildweb.no\\\/fr\\\/a-propos-de-nous\\\/orkla-house-care\\\/#primaryimage\",\"url\":\"https:\\\/\\\/staging.web9.wildweb.no\\\/app\\\/uploads\\\/sites\\\/23\\\/2022\\\/02\\\/painters.jpg\",\"contentUrl\":\"https:\\\/\\\/staging.web9.wildweb.no\\\/app\\\/uploads\\\/sites\\\/23\\\/2022\\\/02\\\/painters.jpg\",\"width\":1600,\"height\":1334,\"caption\":\"M\u00e5lare\"},{\"@type\":\"BreadcrumbList\",\"@id\":\"https:\\\/\\\/staging.web9.wildweb.no\\\/fr\\\/a-propos-de-nous\\\/orkla-house-care\\\/#breadcrumb\",\"itemListElement\":[{\"@type\":\"ListItem\",\"position\":1,\"name\":\"Home\",\"item\":\"https:\\\/\\\/staging.web9.wildweb.no\\\/fr\\\/\"},{\"@type\":\"ListItem\",\"position\":2,\"name\":\"A propos de nous\",\"item\":\"https:\\\/\\\/staging.web9.wildweb.no\\\/fr\\\/a-propos-de-nous\\\/\"},{\"@type\":\"ListItem\",\"position\":3,\"name\":\"Orkla House Care\"}]},{\"@type\":\"WebSite\",\"@id\":\"https:\\\/\\\/staging.web9.wildweb.no\\\/fr\\\/#website\",\"url\":\"https:\\\/\\\/staging.web9.wildweb.no\\\/fr\\\/\",\"name\":\"Anza Painting Tools\",\"description\":\"Brushes, rollers and tools that make painting easier\",\"publisher\":{\"@id\":\"https:\\\/\\\/staging.web9.wildweb.no\\\/fr\\\/#organization\"},\"alternateName\":\"Anza\",\"potentialAction\":[{\"@type\":\"SearchAction\",\"target\":{\"@type\":\"EntryPoint\",\"urlTemplate\":\"https:\\\/\\\/staging.web9.wildweb.no\\\/fr\\\/?s={search_term_string}\"},\"query-input\":{\"@type\":\"PropertyValueSpecification\",\"valueRequired\":true,\"valueName\":\"search_term_string\"}}],\"inLanguage\":\"fr-BE\"},{\"@type\":\"Organization\",\"@id\":\"https:\\\/\\\/staging.web9.wildweb.no\\\/fr\\\/#organization\",\"name\":\"Anza Painting Tools\",\"url\":\"https:\\\/\\\/staging.web9.wildweb.no\\\/fr\\\/\",\"logo\":{\"@type\":\"ImageObject\",\"inLanguage\":\"fr-BE\",\"@id\":\"https:\\\/\\\/staging.web9.wildweb.no\\\/fr\\\/#\\\/schema\\\/logo\\\/image\\\/\",\"url\":\"https:\\\/\\\/staging.web9.wildweb.no\\\/wp\\\/uploads\\\/sites\\\/23\\\/2023\\\/06\\\/ANZA_logo_2021_black_payoff_EN.png\",\"contentUrl\":\"https:\\\/\\\/staging.web9.wildweb.no\\\/wp\\\/uploads\\\/sites\\\/23\\\/2023\\\/06\\\/ANZA_logo_2021_black_payoff_EN.png\",\"width\":1582,\"height\":407,\"caption\":\"Anza Painting Tools\"},\"image\":{\"@id\":\"https:\\\/\\\/staging.web9.wildweb.no\\\/fr\\\/#\\\/schema\\\/logo\\\/image\\\/\"},\"sameAs\":[\"https:\\\/\\\/www.facebook.com\\\/anzamaleriverktyg\\\/\",\"https:\\\/\\\/www.instagram.com\\\/anza_maleriverktyg\\\/\",\"https:\\\/\\\/www.linkedin.com\\\/company\\\/10275943\\\/\",\"https:\\\/\\\/www.youtube.com\\\/channel\\\/UCRly6WXZuX-7p72l_6FeiCg\"]}]}<\/script>\n<!-- \/ Yoast SEO plugin. -->","yoast_head_json":{"title":"Orkla House Care &#8211; Anza Benelux","description":"Anza is a leading Swedish supplier of painting tools, brushes, rollers and cleaners. Anza helps you with your painting projects. Read more here!","robots":{"index":"noindex","follow":"follow","max-snippet":"max-snippet:-1","max-image-preview":"max-image-preview:large","max-video-preview":"max-video-preview:-1"},"og_locale":"fr_FR","og_type":"website","og_title":"Orkla House Care &#8211; Anza Benelux","og_description":"Anza is a leading Swedish supplier of painting tools, brushes, rollers and cleaners. Anza helps you with your painting projects. Read more here!","og_url":"https:\/\/staging.web9.wildweb.no\/fr\/a-propos-de-nous\/orkla-house-care\/","og_site_name":"Anza Benelux","article_publisher":"https:\/\/www.facebook.com\/anzamaleriverktyg\/","article_modified_time":"2025-09-03T20:26:23+00:00","og_image":[{"width":1600,"height":1334,"url":"https:\/\/staging.web9.wildweb.no\/app\/uploads\/sites\/23\/2022\/02\/painters.jpg","type":"image\/jpeg"}],"twitter_card":"summary_large_image","twitter_misc":{"Est. reading time":"2 minutes"},"schema":{"@context":"https:\/\/schema.org","@graph":[{"@type":"WebPage","@id":"https:\/\/staging.web9.wildweb.no\/fr\/a-propos-de-nous\/orkla-house-care\/","url":"https:\/\/staging.web9.wildweb.no\/fr\/a-propos-de-nous\/orkla-house-care\/","name":"Orkla House Care &#8211; Anza Benelux","isPartOf":{"@id":"https:\/\/staging.web9.wildweb.no\/fr\/#website"},"primaryImageOfPage":{"@id":"https:\/\/staging.web9.wildweb.no\/fr\/a-propos-de-nous\/orkla-house-care\/#primaryimage"},"image":{"@id":"https:\/\/staging.web9.wildweb.no\/fr\/a-propos-de-nous\/orkla-house-care\/#primaryimage"},"thumbnailUrl":"https:\/\/staging.web9.wildweb.no\/app\/uploads\/sites\/23\/2022\/02\/painters.jpg","datePublished":"2022-02-16T20:39:07+00:00","dateModified":"2025-09-03T20:26:23+00:00","description":"Anza is a leading Swedish supplier of painting tools, brushes, rollers and cleaners. Anza helps you with your painting projects. Read more here!","breadcrumb":{"@id":"https:\/\/staging.web9.wildweb.no\/fr\/a-propos-de-nous\/orkla-house-care\/#breadcrumb"},"inLanguage":"fr-BE","potentialAction":[{"@type":"ReadAction","target":["https:\/\/staging.web9.wildweb.no\/fr\/a-propos-de-nous\/orkla-house-care\/"]}]},{"@type":"ImageObject","inLanguage":"fr-BE","@id":"https:\/\/staging.web9.wildweb.no\/fr\/a-propos-de-nous\/orkla-house-care\/#primaryimage","url":"https:\/\/staging.web9.wildweb.no\/app\/uploads\/sites\/23\/2022\/02\/painters.jpg","contentUrl":"https:\/\/staging.web9.wildweb.no\/app\/uploads\/sites\/23\/2022\/02\/painters.jpg","width":1600,"height":1334,"caption":"M\u00e5lare"},{"@type":"BreadcrumbList","@id":"https:\/\/staging.web9.wildweb.no\/fr\/a-propos-de-nous\/orkla-house-care\/#breadcrumb","itemListElement":[{"@type":"ListItem","position":1,"name":"Home","item":"https:\/\/staging.web9.wildweb.no\/fr\/"},{"@type":"ListItem","position":2,"name":"A propos de nous","item":"https:\/\/staging.web9.wildweb.no\/fr\/a-propos-de-nous\/"},{"@type":"ListItem","position":3,"name":"Orkla House Care"}]},{"@type":"WebSite","@id":"https:\/\/staging.web9.wildweb.no\/fr\/#website","url":"https:\/\/staging.web9.wildweb.no\/fr\/","name":"Anza Painting Tools","description":"Brushes, rollers and tools that make painting easier","publisher":{"@id":"https:\/\/staging.web9.wildweb.no\/fr\/#organization"},"alternateName":"Anza","potentialAction":[{"@type":"SearchAction","target":{"@type":"EntryPoint","urlTemplate":"https:\/\/staging.web9.wildweb.no\/fr\/?s={search_term_string}"},"query-input":{"@type":"PropertyValueSpecification","valueRequired":true,"valueName":"search_term_string"}}],"inLanguage":"fr-BE"},{"@type":"Organization","@id":"https:\/\/staging.web9.wildweb.no\/fr\/#organization","name":"Anza Painting Tools","url":"https:\/\/staging.web9.wildweb.no\/fr\/","logo":{"@type":"ImageObject","inLanguage":"fr-BE","@id":"https:\/\/staging.web9.wildweb.no\/fr\/#\/schema\/logo\/image\/","url":"https:\/\/staging.web9.wildweb.no\/wp\/uploads\/sites\/23\/2023\/06\/ANZA_logo_2021_black_payoff_EN.png","contentUrl":"https:\/\/staging.web9.wildweb.no\/wp\/uploads\/sites\/23\/2023\/06\/ANZA_logo_2021_black_payoff_EN.png","width":1582,"height":407,"caption":"Anza Painting Tools"},"image":{"@id":"https:\/\/staging.web9.wildweb.no\/fr\/#\/schema\/logo\/image\/"},"sameAs":["https:\/\/www.facebook.com\/anzamaleriverktyg\/","https:\/\/www.instagram.com\/anza_maleriverktyg\/","https:\/\/www.linkedin.com\/company\/10275943\/","https:\/\/www.youtube.com\/channel\/UCRly6WXZuX-7p72l_6FeiCg"]}]}},"_links":{"self":[{"href":"https:\/\/staging.web9.wildweb.no\/fr\/wp-json\/wp\/v2\/pages\/15899","targetHints":{"allow":["GET"]}}],"collection":[{"href":"https:\/\/staging.web9.wildweb.no\/fr\/wp-json\/wp\/v2\/pages"}],"about":[{"href":"https:\/\/staging.web9.wildweb.no\/fr\/wp-json\/wp\/v2\/types\/page"}],"author":[{"embeddable":true,"href":"https:\/\/staging.web9.wildweb.no\/fr\/wp-json\/wp\/v2\/users\/4"}],"replies":[{"embeddable":true,"href":"https:\/\/staging.web9.wildweb.no\/fr\/wp-json\/wp\/v2\/comments?post=15899"}],"version-history":[{"count":3,"href":"https:\/\/staging.web9.wildweb.no\/fr\/wp-json\/wp\/v2\/pages\/15899\/revisions"}],"predecessor-version":[{"id":21021,"href":"https:\/\/staging.web9.wildweb.no\/fr\/wp-json\/wp\/v2\/pages\/15899\/revisions\/21021"}],"up":[{"embeddable":true,"href":"https:\/\/staging.web9.wildweb.no\/fr\/wp-json\/wp\/v2\/pages\/15936"}],"wp:featuredmedia":[{"embeddable":true,"href":"https:\/\/staging.web9.wildweb.no\/fr\/wp-json\/wp\/v2\/media\/15909"}],"wp:attachment":[{"href":"https:\/\/staging.web9.wildweb.no\/fr\/wp-json\/wp\/v2\/media?parent=15899"}],"curies":[{"name":"wp","href":"https:\/\/api.w.org\/{rel}","templated":true}]}}