{"id":15955,"date":"2022-02-16T11:33:34","date_gmt":"2022-02-16T11:33:34","guid":{"rendered":"https:\/\/staging.web9.wildweb.no\/production\/"},"modified":"2025-09-03T21:16:19","modified_gmt":"2025-09-03T20:16:19","slug":"production","status":"publish","type":"page","link":"https:\/\/staging.web9.wildweb.no\/fr\/a-propos-de-nous\/production\/","title":{"rendered":"Production"},"content":{"rendered":"\n<div class=\"wp-block-group\"><div class=\"wp-block-group__inner-container is-layout-flow wp-block-group-is-layout-flow\">\n<p>L&#8217;ensemble du d\u00e9veloppement des produits, ainsi que la majeure partie de la fabrication, ont lieu \u00e0 Bankeryd. \u00c0 c\u00f4t\u00e9 de l&#8217;usine se trouve notre service de d\u00e9veloppement, o\u00f9 nous mettons au point de nouveaux types de brosses, de manches de brosses et d&#8217;autres innovations en concertation avec les bricoleurs et les peintres professionnels. C&#8217;est \u00e9galement ici que nous testons minutieusement nos produits, afin qu&#8217;ils r\u00e9pondent r\u00e9ellement \u00e0 nos propres exigences et \u00e0 celles des peintres en mati\u00e8re d&#8217;ergonomie, de fonctionnalit\u00e9 et de qualit\u00e9.  <\/p>\n<\/div><\/div>\n\n\n\n<div class=\"wp-block-media-text alignwide is-stacked-on-mobile is-image-fill-element bg-white\"><figure class=\"wp-block-media-text__media\"><img decoding=\"async\" src=\"https:\/\/anza-se.dev.wildweb.no\/app\/uploads\/sites\/17\/2022\/02\/8626dcb2ff46abf62dd4f608e8c6b82d-1024x576.jpg\" alt=\"\" class=\"wp-image-5763 size-large\" style=\"object-position:50% 50%\"\/><\/figure><div class=\"wp-block-media-text__content\">\n<h2 class=\"wp-block-heading\" id=\"konsekvent-innovation-och-utveckling\">Innovation et d\u00e9veloppement constants<\/h2>\n\n\n\n<p>Nous osons dire qu&#8217;aucun autre fabricant de brosses nordique n&#8217;a investi aussi r\u00e9guli\u00e8rement dans l&#8217;innovation et le d\u00e9veloppement depuis aussi longtemps. Le fait que nos produits soient vraiment uniques par leur efficacit\u00e9 et leur ergonomie est attest\u00e9 par des centaines de protections de mod\u00e8les enregistr\u00e9s et de nombreux brevets. <\/p>\n<\/div><\/div>\n\n\n\n<div class=\"wp-block-media-text alignwide is-stacked-on-mobile is-image-fill-element bg-white\"><figure class=\"wp-block-media-text__media\"><img loading=\"lazy\" decoding=\"async\" width=\"1024\" height=\"576\" src=\"https:\/\/staging.web9.wildweb.no\/app\/uploads\/sites\/23\/2022\/07\/borst-1024x576.jpg\" alt=\"Pinceau\" class=\"wp-image-15971 size-large\" style=\"object-position:50% 50%\" srcset=\"https:\/\/staging.web9.wildweb.no\/app\/uploads\/sites\/23\/2022\/07\/borst-1024x576.jpg 1024w, https:\/\/staging.web9.wildweb.no\/app\/uploads\/sites\/23\/2022\/07\/borst-300x169.jpg 300w, https:\/\/staging.web9.wildweb.no\/app\/uploads\/sites\/23\/2022\/07\/borst-768x432.jpg 768w, https:\/\/staging.web9.wildweb.no\/app\/uploads\/sites\/23\/2022\/07\/borst-1536x864.jpg 1536w, https:\/\/staging.web9.wildweb.no\/app\/uploads\/sites\/23\/2022\/07\/borst-448x252.jpg 448w, https:\/\/staging.web9.wildweb.no\/app\/uploads\/sites\/23\/2022\/07\/borst-400x225.jpg 400w, https:\/\/staging.web9.wildweb.no\/app\/uploads\/sites\/23\/2022\/07\/borst.jpg 1920w\" sizes=\"auto, (max-width: 1024px) 100vw, 1024px\" \/><\/figure><div class=\"wp-block-media-text__content\">\n<h2 class=\"wp-block-heading\" id=\"konsekvent-innovation-och-utveckling\">Brosses<\/h2>\n\n\n\n<p>Un pinceau peut para\u00eetre simple, mais il est en fait compos\u00e9 de plusieurs mat\u00e9riaux essentiels tels que les manches, les viroles, la colle, les inserts et les poils. Chaque pi\u00e8ce peut affecter la qualit\u00e9 et la fonction du pinceau et doit donc \u00eatre sp\u00e9cifi\u00e9e avec contr\u00f4le. Tous les mat\u00e9riaux sont donc soigneusement examin\u00e9s par notre d\u00e9partement de d\u00e9veloppement afin de produire des pinceaux de la plus haute qualit\u00e9 avec des avantages ergonomiques qui rendent votre projet de peinture plus facile et plus efficace.  <\/p>\n<\/div><\/div>\n\n\n\n<div class=\"wp-block-media-text alignwide is-stacked-on-mobile is-image-fill-element bg-white\"><figure class=\"wp-block-media-text__media\"><img loading=\"lazy\" decoding=\"async\" width=\"1024\" height=\"576\" src=\"https:\/\/staging.web9.wildweb.no\/app\/uploads\/sites\/23\/2022\/07\/borst-narbild-1024x576.jpg\" alt=\"Pinceau - Gros plan\" class=\"wp-image-15962 size-large\" style=\"object-position:50% 50%\" srcset=\"https:\/\/staging.web9.wildweb.no\/app\/uploads\/sites\/23\/2022\/07\/borst-narbild-1024x576.jpg 1024w, https:\/\/staging.web9.wildweb.no\/app\/uploads\/sites\/23\/2022\/07\/borst-narbild-300x169.jpg 300w, https:\/\/staging.web9.wildweb.no\/app\/uploads\/sites\/23\/2022\/07\/borst-narbild-768x432.jpg 768w, https:\/\/staging.web9.wildweb.no\/app\/uploads\/sites\/23\/2022\/07\/borst-narbild-1536x864.jpg 1536w, https:\/\/staging.web9.wildweb.no\/app\/uploads\/sites\/23\/2022\/07\/borst-narbild-448x252.jpg 448w, https:\/\/staging.web9.wildweb.no\/app\/uploads\/sites\/23\/2022\/07\/borst-narbild-400x225.jpg 400w, https:\/\/staging.web9.wildweb.no\/app\/uploads\/sites\/23\/2022\/07\/borst-narbild.jpg 1920w\" sizes=\"auto, (max-width: 1024px) 100vw, 1024px\" \/><\/figure><div class=\"wp-block-media-text__content\">\n<h2 class=\"wp-block-heading\" id=\"konsekvent-innovation-och-utveckling\">Diff\u00e9rence entre brosses et pinceaux<\/h2>\n\n\n\n<p>Il existe une grande diff\u00e9rence entre les diff\u00e9rents pinceaux en ce qui concerne le ramassage de la peinture et la mani\u00e8re dont ils r\u00e9partissent la peinture qu&#8217;ils ont ramass\u00e9e. Plusieurs facteurs d\u00e9terminent la qualit\u00e9 de ces propri\u00e9t\u00e9s dans un pinceau. Un facteur tr\u00e8s important est de trouver une bonne combinaison de diff\u00e9rentes longueurs, formes et \u00e9paisseurs de poils dans le pinceau. Par-dessus tout, il est important que le mat\u00e9riau sup\u00e9rieur des poils soit de la meilleure qualit\u00e9, car cela a un impact important sur les performances du pinceau, en particulier en ce qui concerne la finition et la r\u00e9gularit\u00e9 avec laquelle le pinceau laisse une couche de peinture \u00e0 chaque coup de pinceau. C&#8217;est pourquoi notre d\u00e9partement de d\u00e9veloppement \u00e9tudie soigneusement les diff\u00e9rentes combinaisons de pinceaux et met au point des m\u00e9langes de pinceaux uniques sp\u00e9cialement con\u00e7us pour leur t\u00e2che.    <\/p>\n<\/div><\/div>\n\n\n\n<div class=\"wp-block-media-text alignwide is-stacked-on-mobile is-image-fill-element bg-white\"><figure class=\"wp-block-media-text__media\"><img loading=\"lazy\" decoding=\"async\" width=\"1024\" height=\"575\" src=\"https:\/\/staging.web9.wildweb.no\/app\/uploads\/sites\/23\/2022\/07\/rollers-foradling-1024x575.jpg\" alt=\"Rouleaux - traitement\" class=\"wp-image-15959 size-large\" style=\"object-position:50% 50%\" srcset=\"https:\/\/staging.web9.wildweb.no\/app\/uploads\/sites\/23\/2022\/07\/rollers-foradling-1024x575.jpg 1024w, https:\/\/staging.web9.wildweb.no\/app\/uploads\/sites\/23\/2022\/07\/rollers-foradling-300x169.jpg 300w, https:\/\/staging.web9.wildweb.no\/app\/uploads\/sites\/23\/2022\/07\/rollers-foradling-768x431.jpg 768w, https:\/\/staging.web9.wildweb.no\/app\/uploads\/sites\/23\/2022\/07\/rollers-foradling-448x252.jpg 448w, https:\/\/staging.web9.wildweb.no\/app\/uploads\/sites\/23\/2022\/07\/rollers-foradling-400x225.jpg 400w, https:\/\/staging.web9.wildweb.no\/app\/uploads\/sites\/23\/2022\/07\/rollers-foradling.jpg 1264w\" sizes=\"auto, (max-width: 1024px) 100vw, 1024px\" \/><\/figure><div class=\"wp-block-media-text__content\">\n<h2 class=\"wp-block-heading\" id=\"konsekvent-innovation-och-utveckling\">Rouleaux<\/h2>\n\n\n\n<p>Les rouleaux sont fabriqu\u00e9s en mat\u00e9riaux synth\u00e9tiques, soit par tissage, soit par tricotage (tricotage circulaire ou tricotage en cha\u00eene). Pendant la production, vous contr\u00f4lez \u00e0 la fois la densit\u00e9 et l&#8217;\u00e9paisseur du tissu et la longueur des poils. Les diff\u00e9rentes techniques et sp\u00e9cifications influencent la fa\u00e7on dont le tissu du rouleau est ensuite per\u00e7u lors de la peinture, par exemple s&#8217;il retient beaucoup ou peu de peinture. Le tissu est ensuite card\u00e9 pour \u00e9liminer les pertes de fibres, obtenir la finition souhait\u00e9e et contr\u00f4ler la sensation de la peinture. Pour mieux contr\u00f4ler les performances du rouleau, nous affinons \u00e9galement le tissu pendant la production du rouleau : les bords sont coup\u00e9s et chanfrein\u00e9s, afin de r\u00e9duire le risque de traces de peinture \u00e9paisses lors de la mise en peinture. Tout cela est fait pour produire des rouleaux de haute qualit\u00e9, adapt\u00e9s et optimis\u00e9s pour l&#8217;application pr\u00e9vue.     <\/p>\n<\/div><\/div>\n\n\n\n<div class=\"wp-block-media-text alignwide is-stacked-on-mobile is-image-fill-element bg-white\"><figure class=\"wp-block-media-text__media\"><img loading=\"lazy\" decoding=\"async\" width=\"1024\" height=\"575\" src=\"https:\/\/staging.web9.wildweb.no\/app\/uploads\/sites\/23\/2022\/07\/verktyg-1024x575.jpg\" alt=\"Outils\" class=\"wp-image-15956 size-large\" style=\"object-position:50% 50%\" srcset=\"https:\/\/staging.web9.wildweb.no\/app\/uploads\/sites\/23\/2022\/07\/verktyg-1024x575.jpg 1024w, https:\/\/staging.web9.wildweb.no\/app\/uploads\/sites\/23\/2022\/07\/verktyg-300x169.jpg 300w, https:\/\/staging.web9.wildweb.no\/app\/uploads\/sites\/23\/2022\/07\/verktyg-768x431.jpg 768w, https:\/\/staging.web9.wildweb.no\/app\/uploads\/sites\/23\/2022\/07\/verktyg-448x252.jpg 448w, https:\/\/staging.web9.wildweb.no\/app\/uploads\/sites\/23\/2022\/07\/verktyg-400x225.jpg 400w, https:\/\/staging.web9.wildweb.no\/app\/uploads\/sites\/23\/2022\/07\/verktyg.jpg 1264w\" sizes=\"auto, (max-width: 1024px) 100vw, 1024px\" \/><\/figure><div class=\"wp-block-media-text__content\">\n<h2 class=\"wp-block-heading\" id=\"konsekvent-innovation-och-utveckling\">Outils<\/h2>\n\n\n\n<p>Lorsque vous peignez, le travail pr\u00e9paratoire est souvent l&#8217;une des parties les plus difficiles. C&#8217;est pourquoi nous nous effor\u00e7ons de mettre au point des outils efficaces et ergonomiques afin d&#8217;\u00e9conomiser votre temps et votre corps. C&#8217;est pourquoi nos outils de peinture sont con\u00e7us avec des poign\u00e9es ergonomiques et confortables et sont souvent extensibles, ce qui vous permet de m\u00e9nager vos \u00e9paules et votre dos.  <\/p>\n<\/div><\/div>\n","protected":false},"excerpt":{"rendered":"<p>Ergonomie et efficacit\u00e9 uniques<\/p>\n","protected":false},"author":4,"featured_media":15950,"parent":15936,"menu_order":0,"comment_status":"closed","ping_status":"closed","template":"About.php","meta":{"_acf_changed":false,"_relevanssi_hide_post":"","_relevanssi_hide_content":"","_relevanssi_pin_for_all":"","_relevanssi_pin_keywords":"","_relevanssi_unpin_keywords":"","_relevanssi_related_keywords":"","_relevanssi_related_include_ids":"","_relevanssi_related_exclude_ids":"","_relevanssi_related_no_append":"","_relevanssi_related_not_related":"","_relevanssi_related_posts":"","_relevanssi_noindex_reason":"","inline_featured_image":false,"footnotes":""},"class_list":["post-15955","page","type-page","status-publish","has-post-thumbnail","hentry"],"acf":[],"yoast_head":"<!-- This site is optimized with the Yoast SEO plugin v27.4 - https:\/\/yoast.com\/product\/yoast-seo-wordpress\/ -->\n<title>Production &#8211; Anza Benelux<\/title>\n<meta name=\"description\" content=\"L&#039;ensemble du d\u00e9veloppement des produits, ainsi que la majeure partie de la fabrication, ont lieu \u00e0 Bankeryd. Notre service de d\u00e9veloppement est \u00e9galement situ\u00e9 \u00e0 proximit\u00e9 de l&#039;usine.\" \/>\n<meta name=\"robots\" content=\"noindex, follow, max-snippet:-1, max-image-preview:large, max-video-preview:-1\" \/>\n<meta property=\"og:locale\" content=\"fr_FR\" \/>\n<meta property=\"og:type\" content=\"website\" \/>\n<meta property=\"og:title\" content=\"Production &#8211; Anza Benelux\" \/>\n<meta property=\"og:description\" content=\"L&#039;ensemble du d\u00e9veloppement des produits, ainsi que la majeure partie de la fabrication, ont lieu \u00e0 Bankeryd. Notre service de d\u00e9veloppement est \u00e9galement situ\u00e9 \u00e0 proximit\u00e9 de l&#039;usine.\" \/>\n<meta property=\"og:url\" content=\"https:\/\/staging.web9.wildweb.no\/fr\/a-propos-de-nous\/production\/\" \/>\n<meta property=\"og:site_name\" content=\"Anza Benelux\" \/>\n<meta property=\"article:publisher\" content=\"https:\/\/www.facebook.com\/anzamaleriverktyg\/\" \/>\n<meta property=\"article:modified_time\" content=\"2025-09-03T20:16:19+00:00\" \/>\n<meta property=\"og:image\" content=\"https:\/\/staging.web9.wildweb.no\/app\/uploads\/sites\/23\/2022\/02\/15426ec10817b6f13c1c960b2911e0da-1024x512.png\" \/>\n\t<meta property=\"og:image:width\" content=\"1024\" \/>\n\t<meta property=\"og:image:height\" content=\"512\" \/>\n\t<meta property=\"og:image:type\" content=\"image\/png\" \/>\n<meta name=\"twitter:card\" content=\"summary_large_image\" \/>\n<meta name=\"twitter:label1\" content=\"Est. reading time\" \/>\n\t<meta name=\"twitter:data1\" content=\"4 minutes\" \/>\n<script type=\"application\/ld+json\" class=\"yoast-schema-graph\">{\"@context\":\"https:\\\/\\\/schema.org\",\"@graph\":[{\"@type\":\"WebPage\",\"@id\":\"https:\\\/\\\/staging.web9.wildweb.no\\\/fr\\\/a-propos-de-nous\\\/production\\\/\",\"url\":\"https:\\\/\\\/staging.web9.wildweb.no\\\/fr\\\/a-propos-de-nous\\\/production\\\/\",\"name\":\"Production &#8211; Anza Benelux\",\"isPartOf\":{\"@id\":\"https:\\\/\\\/staging.web9.wildweb.no\\\/fr\\\/#website\"},\"primaryImageOfPage\":{\"@id\":\"https:\\\/\\\/staging.web9.wildweb.no\\\/fr\\\/a-propos-de-nous\\\/production\\\/#primaryimage\"},\"image\":{\"@id\":\"https:\\\/\\\/staging.web9.wildweb.no\\\/fr\\\/a-propos-de-nous\\\/production\\\/#primaryimage\"},\"thumbnailUrl\":\"https:\\\/\\\/staging.web9.wildweb.no\\\/app\\\/uploads\\\/sites\\\/23\\\/2022\\\/02\\\/15426ec10817b6f13c1c960b2911e0da.png\",\"datePublished\":\"2022-02-16T11:33:34+00:00\",\"dateModified\":\"2025-09-03T20:16:19+00:00\",\"description\":\"L'ensemble du d\u00e9veloppement des produits, ainsi que la majeure partie de la fabrication, ont lieu \u00e0 Bankeryd. Notre service de d\u00e9veloppement est \u00e9galement situ\u00e9 \u00e0 proximit\u00e9 de l'usine.\",\"breadcrumb\":{\"@id\":\"https:\\\/\\\/staging.web9.wildweb.no\\\/fr\\\/a-propos-de-nous\\\/production\\\/#breadcrumb\"},\"inLanguage\":\"fr-BE\",\"potentialAction\":[{\"@type\":\"ReadAction\",\"target\":[\"https:\\\/\\\/staging.web9.wildweb.no\\\/fr\\\/a-propos-de-nous\\\/production\\\/\"]}]},{\"@type\":\"ImageObject\",\"inLanguage\":\"fr-BE\",\"@id\":\"https:\\\/\\\/staging.web9.wildweb.no\\\/fr\\\/a-propos-de-nous\\\/production\\\/#primaryimage\",\"url\":\"https:\\\/\\\/staging.web9.wildweb.no\\\/app\\\/uploads\\\/sites\\\/23\\\/2022\\\/02\\\/15426ec10817b6f13c1c960b2911e0da.png\",\"contentUrl\":\"https:\\\/\\\/staging.web9.wildweb.no\\\/app\\\/uploads\\\/sites\\\/23\\\/2022\\\/02\\\/15426ec10817b6f13c1c960b2911e0da.png\",\"width\":1680,\"height\":840,\"caption\":\"Rita\"},{\"@type\":\"BreadcrumbList\",\"@id\":\"https:\\\/\\\/staging.web9.wildweb.no\\\/fr\\\/a-propos-de-nous\\\/production\\\/#breadcrumb\",\"itemListElement\":[{\"@type\":\"ListItem\",\"position\":1,\"name\":\"Home\",\"item\":\"https:\\\/\\\/staging.web9.wildweb.no\\\/fr\\\/\"},{\"@type\":\"ListItem\",\"position\":2,\"name\":\"A propos de nous\",\"item\":\"https:\\\/\\\/staging.web9.wildweb.no\\\/fr\\\/a-propos-de-nous\\\/\"},{\"@type\":\"ListItem\",\"position\":3,\"name\":\"Production\"}]},{\"@type\":\"WebSite\",\"@id\":\"https:\\\/\\\/staging.web9.wildweb.no\\\/fr\\\/#website\",\"url\":\"https:\\\/\\\/staging.web9.wildweb.no\\\/fr\\\/\",\"name\":\"Anza Painting Tools\",\"description\":\"Brushes, rollers and tools that make painting easier\",\"publisher\":{\"@id\":\"https:\\\/\\\/staging.web9.wildweb.no\\\/fr\\\/#organization\"},\"alternateName\":\"Anza\",\"potentialAction\":[{\"@type\":\"SearchAction\",\"target\":{\"@type\":\"EntryPoint\",\"urlTemplate\":\"https:\\\/\\\/staging.web9.wildweb.no\\\/fr\\\/?s={search_term_string}\"},\"query-input\":{\"@type\":\"PropertyValueSpecification\",\"valueRequired\":true,\"valueName\":\"search_term_string\"}}],\"inLanguage\":\"fr-BE\"},{\"@type\":\"Organization\",\"@id\":\"https:\\\/\\\/staging.web9.wildweb.no\\\/fr\\\/#organization\",\"name\":\"Anza Painting Tools\",\"url\":\"https:\\\/\\\/staging.web9.wildweb.no\\\/fr\\\/\",\"logo\":{\"@type\":\"ImageObject\",\"inLanguage\":\"fr-BE\",\"@id\":\"https:\\\/\\\/staging.web9.wildweb.no\\\/fr\\\/#\\\/schema\\\/logo\\\/image\\\/\",\"url\":\"https:\\\/\\\/staging.web9.wildweb.no\\\/wp\\\/uploads\\\/sites\\\/23\\\/2023\\\/06\\\/ANZA_logo_2021_black_payoff_EN.png\",\"contentUrl\":\"https:\\\/\\\/staging.web9.wildweb.no\\\/wp\\\/uploads\\\/sites\\\/23\\\/2023\\\/06\\\/ANZA_logo_2021_black_payoff_EN.png\",\"width\":1582,\"height\":407,\"caption\":\"Anza Painting Tools\"},\"image\":{\"@id\":\"https:\\\/\\\/staging.web9.wildweb.no\\\/fr\\\/#\\\/schema\\\/logo\\\/image\\\/\"},\"sameAs\":[\"https:\\\/\\\/www.facebook.com\\\/anzamaleriverktyg\\\/\",\"https:\\\/\\\/www.instagram.com\\\/anza_maleriverktyg\\\/\",\"https:\\\/\\\/www.linkedin.com\\\/company\\\/10275943\\\/\",\"https:\\\/\\\/www.youtube.com\\\/channel\\\/UCRly6WXZuX-7p72l_6FeiCg\"]}]}<\/script>\n<!-- \/ Yoast SEO plugin. -->","yoast_head_json":{"title":"Production &#8211; Anza Benelux","description":"L'ensemble du d\u00e9veloppement des produits, ainsi que la majeure partie de la fabrication, ont lieu \u00e0 Bankeryd. Notre service de d\u00e9veloppement est \u00e9galement situ\u00e9 \u00e0 proximit\u00e9 de l'usine.","robots":{"index":"noindex","follow":"follow","max-snippet":"max-snippet:-1","max-image-preview":"max-image-preview:large","max-video-preview":"max-video-preview:-1"},"og_locale":"fr_FR","og_type":"website","og_title":"Production &#8211; Anza Benelux","og_description":"L'ensemble du d\u00e9veloppement des produits, ainsi que la majeure partie de la fabrication, ont lieu \u00e0 Bankeryd. Notre service de d\u00e9veloppement est \u00e9galement situ\u00e9 \u00e0 proximit\u00e9 de l'usine.","og_url":"https:\/\/staging.web9.wildweb.no\/fr\/a-propos-de-nous\/production\/","og_site_name":"Anza Benelux","article_publisher":"https:\/\/www.facebook.com\/anzamaleriverktyg\/","article_modified_time":"2025-09-03T20:16:19+00:00","og_image":[{"width":1024,"height":512,"url":"https:\/\/staging.web9.wildweb.no\/app\/uploads\/sites\/23\/2022\/02\/15426ec10817b6f13c1c960b2911e0da-1024x512.png","type":"image\/png"}],"twitter_card":"summary_large_image","twitter_misc":{"Est. reading time":"4 minutes"},"schema":{"@context":"https:\/\/schema.org","@graph":[{"@type":"WebPage","@id":"https:\/\/staging.web9.wildweb.no\/fr\/a-propos-de-nous\/production\/","url":"https:\/\/staging.web9.wildweb.no\/fr\/a-propos-de-nous\/production\/","name":"Production &#8211; Anza Benelux","isPartOf":{"@id":"https:\/\/staging.web9.wildweb.no\/fr\/#website"},"primaryImageOfPage":{"@id":"https:\/\/staging.web9.wildweb.no\/fr\/a-propos-de-nous\/production\/#primaryimage"},"image":{"@id":"https:\/\/staging.web9.wildweb.no\/fr\/a-propos-de-nous\/production\/#primaryimage"},"thumbnailUrl":"https:\/\/staging.web9.wildweb.no\/app\/uploads\/sites\/23\/2022\/02\/15426ec10817b6f13c1c960b2911e0da.png","datePublished":"2022-02-16T11:33:34+00:00","dateModified":"2025-09-03T20:16:19+00:00","description":"L'ensemble du d\u00e9veloppement des produits, ainsi que la majeure partie de la fabrication, ont lieu \u00e0 Bankeryd. Notre service de d\u00e9veloppement est \u00e9galement situ\u00e9 \u00e0 proximit\u00e9 de l'usine.","breadcrumb":{"@id":"https:\/\/staging.web9.wildweb.no\/fr\/a-propos-de-nous\/production\/#breadcrumb"},"inLanguage":"fr-BE","potentialAction":[{"@type":"ReadAction","target":["https:\/\/staging.web9.wildweb.no\/fr\/a-propos-de-nous\/production\/"]}]},{"@type":"ImageObject","inLanguage":"fr-BE","@id":"https:\/\/staging.web9.wildweb.no\/fr\/a-propos-de-nous\/production\/#primaryimage","url":"https:\/\/staging.web9.wildweb.no\/app\/uploads\/sites\/23\/2022\/02\/15426ec10817b6f13c1c960b2911e0da.png","contentUrl":"https:\/\/staging.web9.wildweb.no\/app\/uploads\/sites\/23\/2022\/02\/15426ec10817b6f13c1c960b2911e0da.png","width":1680,"height":840,"caption":"Rita"},{"@type":"BreadcrumbList","@id":"https:\/\/staging.web9.wildweb.no\/fr\/a-propos-de-nous\/production\/#breadcrumb","itemListElement":[{"@type":"ListItem","position":1,"name":"Home","item":"https:\/\/staging.web9.wildweb.no\/fr\/"},{"@type":"ListItem","position":2,"name":"A propos de nous","item":"https:\/\/staging.web9.wildweb.no\/fr\/a-propos-de-nous\/"},{"@type":"ListItem","position":3,"name":"Production"}]},{"@type":"WebSite","@id":"https:\/\/staging.web9.wildweb.no\/fr\/#website","url":"https:\/\/staging.web9.wildweb.no\/fr\/","name":"Anza Painting Tools","description":"Brushes, rollers and tools that make painting easier","publisher":{"@id":"https:\/\/staging.web9.wildweb.no\/fr\/#organization"},"alternateName":"Anza","potentialAction":[{"@type":"SearchAction","target":{"@type":"EntryPoint","urlTemplate":"https:\/\/staging.web9.wildweb.no\/fr\/?s={search_term_string}"},"query-input":{"@type":"PropertyValueSpecification","valueRequired":true,"valueName":"search_term_string"}}],"inLanguage":"fr-BE"},{"@type":"Organization","@id":"https:\/\/staging.web9.wildweb.no\/fr\/#organization","name":"Anza Painting Tools","url":"https:\/\/staging.web9.wildweb.no\/fr\/","logo":{"@type":"ImageObject","inLanguage":"fr-BE","@id":"https:\/\/staging.web9.wildweb.no\/fr\/#\/schema\/logo\/image\/","url":"https:\/\/staging.web9.wildweb.no\/wp\/uploads\/sites\/23\/2023\/06\/ANZA_logo_2021_black_payoff_EN.png","contentUrl":"https:\/\/staging.web9.wildweb.no\/wp\/uploads\/sites\/23\/2023\/06\/ANZA_logo_2021_black_payoff_EN.png","width":1582,"height":407,"caption":"Anza Painting Tools"},"image":{"@id":"https:\/\/staging.web9.wildweb.no\/fr\/#\/schema\/logo\/image\/"},"sameAs":["https:\/\/www.facebook.com\/anzamaleriverktyg\/","https:\/\/www.instagram.com\/anza_maleriverktyg\/","https:\/\/www.linkedin.com\/company\/10275943\/","https:\/\/www.youtube.com\/channel\/UCRly6WXZuX-7p72l_6FeiCg"]}]}},"_links":{"self":[{"href":"https:\/\/staging.web9.wildweb.no\/fr\/wp-json\/wp\/v2\/pages\/15955","targetHints":{"allow":["GET"]}}],"collection":[{"href":"https:\/\/staging.web9.wildweb.no\/fr\/wp-json\/wp\/v2\/pages"}],"about":[{"href":"https:\/\/staging.web9.wildweb.no\/fr\/wp-json\/wp\/v2\/types\/page"}],"author":[{"embeddable":true,"href":"https:\/\/staging.web9.wildweb.no\/fr\/wp-json\/wp\/v2\/users\/4"}],"replies":[{"embeddable":true,"href":"https:\/\/staging.web9.wildweb.no\/fr\/wp-json\/wp\/v2\/comments?post=15955"}],"version-history":[{"count":2,"href":"https:\/\/staging.web9.wildweb.no\/fr\/wp-json\/wp\/v2\/pages\/15955\/revisions"}],"predecessor-version":[{"id":21015,"href":"https:\/\/staging.web9.wildweb.no\/fr\/wp-json\/wp\/v2\/pages\/15955\/revisions\/21015"}],"up":[{"embeddable":true,"href":"https:\/\/staging.web9.wildweb.no\/fr\/wp-json\/wp\/v2\/pages\/15936"}],"wp:featuredmedia":[{"embeddable":true,"href":"https:\/\/staging.web9.wildweb.no\/fr\/wp-json\/wp\/v2\/media\/15950"}],"wp:attachment":[{"href":"https:\/\/staging.web9.wildweb.no\/fr\/wp-json\/wp\/v2\/media?parent=15955"}],"curies":[{"name":"wp","href":"https:\/\/api.w.org\/{rel}","templated":true}]}}