{"id":16156,"date":"2022-02-16T18:33:39","date_gmt":"2022-02-16T18:33:39","guid":{"rendered":"https:\/\/staging.web9.wildweb.no\/durabilite\/"},"modified":"2025-09-03T21:19:56","modified_gmt":"2025-09-03T20:19:56","slug":"durabilite","status":"publish","type":"page","link":"https:\/\/staging.web9.wildweb.no\/fr\/a-propos-de-nous\/durabilite\/","title":{"rendered":"Durabilit\u00e9"},"content":{"rendered":"\n<div class=\"wp-block-group\"><div class=\"wp-block-group__inner-container is-layout-flow wp-block-group-is-layout-flow\">\n<p>La durabilit\u00e9 est un domaine strat\u00e9gique prioritaire pour Anza et nous travaillons \u00e0 long terme pour d\u00e9velopper l&#8217;emballage, les produits, la production et la culture d&#8217;entreprise dans une direction plus durable. Nous avons donc fix\u00e9 les objectifs de durabilit\u00e9 suivants pour la p\u00e9riode allant jusqu&#8217;\u00e0 2025 :<\/p>\n<\/div><\/div>\n\n\n\n<div class=\"wp-block-media-text alignwide has-media-on-the-right is-stacked-on-mobile is-image-fill-element\"><div class=\"wp-block-media-text__content\">\n<h2 class=\"wp-block-heading\" id=\"forpackningar\">Emballage<\/h2>\n\n\n\n<ul class=\"wp-block-list\">\n<li>Utilisez moins de mat\u00e9riaux d&#8217;emballage et uniquement des mat\u00e9riaux recyclables.<\/li>\n\n\n\n<li>Utilisez uniquement du carton recycl\u00e9 ou <a href=\"https:\/\/fsc.org\/en\">certifi\u00e9 FSC\u00ae<\/a> (FSC-C108031) et davantage de plastique recycl\u00e9.<\/li>\n<\/ul>\n<\/div><figure class=\"wp-block-media-text__media\"><img loading=\"lazy\" decoding=\"async\" width=\"914\" height=\"686\" src=\"https:\/\/staging.web9.wildweb.no\/app\/uploads\/sites\/23\/2022\/12\/sandpaper.jpg\" alt=\"Papier de verre\" class=\"wp-image-20636 size-large\" style=\"object-position:50% 50%\" srcset=\"https:\/\/staging.web9.wildweb.no\/app\/uploads\/sites\/23\/2022\/12\/sandpaper.jpg 914w, https:\/\/staging.web9.wildweb.no\/app\/uploads\/sites\/23\/2022\/12\/sandpaper-300x225.jpg 300w, https:\/\/staging.web9.wildweb.no\/app\/uploads\/sites\/23\/2022\/12\/sandpaper-768x576.jpg 768w, https:\/\/staging.web9.wildweb.no\/app\/uploads\/sites\/23\/2022\/12\/sandpaper-352x264.jpg 352w, https:\/\/staging.web9.wildweb.no\/app\/uploads\/sites\/23\/2022\/12\/sandpaper-400x300.jpg 400w\" sizes=\"auto, (max-width: 914px) 100vw, 914px\" \/><\/figure><\/div>\n\n\n\n<div class=\"wp-block-media-text alignwide is-stacked-on-mobile is-image-fill-element\"><figure class=\"wp-block-media-text__media\"><img loading=\"lazy\" decoding=\"async\" width=\"1024\" height=\"768\" src=\"https:\/\/staging.web9.wildweb.no\/app\/uploads\/sites\/23\/2022\/02\/ee8266fa5699d880f3be49f19594d309-scaled-1-1024x768.jpg\" alt=\"Production - rouleaux\" class=\"wp-image-20012 size-large\" style=\"object-position:50% 50%\" srcset=\"https:\/\/staging.web9.wildweb.no\/app\/uploads\/sites\/23\/2022\/02\/ee8266fa5699d880f3be49f19594d309-scaled-1-1024x768.jpg 1024w, https:\/\/staging.web9.wildweb.no\/app\/uploads\/sites\/23\/2022\/02\/ee8266fa5699d880f3be49f19594d309-scaled-1-300x225.jpg 300w, https:\/\/staging.web9.wildweb.no\/app\/uploads\/sites\/23\/2022\/02\/ee8266fa5699d880f3be49f19594d309-scaled-1-768x576.jpg 768w, https:\/\/staging.web9.wildweb.no\/app\/uploads\/sites\/23\/2022\/02\/ee8266fa5699d880f3be49f19594d309-scaled-1-1536x1152.jpg 1536w, https:\/\/staging.web9.wildweb.no\/app\/uploads\/sites\/23\/2022\/02\/ee8266fa5699d880f3be49f19594d309-scaled-1-2048x1536.jpg 2048w, https:\/\/staging.web9.wildweb.no\/app\/uploads\/sites\/23\/2022\/02\/ee8266fa5699d880f3be49f19594d309-scaled-1-352x264.jpg 352w, https:\/\/staging.web9.wildweb.no\/app\/uploads\/sites\/23\/2022\/02\/ee8266fa5699d880f3be49f19594d309-scaled-1-400x300.jpg 400w\" sizes=\"auto, (max-width: 1024px) 100vw, 1024px\" \/><\/figure><div class=\"wp-block-media-text__content\">\n<h2 class=\"wp-block-heading\" id=\"produktion\">Production<\/h2>\n\n\n\n<ul class=\"wp-block-list\">\n<li>R\u00e9duire de 40 % les \u00e9missions de CO2 li\u00e9es \u00e0 la production.<\/li>\n\n\n\n<li>Veiller \u00e0 ce que tous les fournisseurs respectent les directives \u00e9thiques d&#8217;Orkla House Care et r\u00e9aliser des audits annuels de durabilit\u00e9 aupr\u00e8s de nos principaux fournisseurs.<\/li>\n\n\n\n<li>R\u00e9duire les d\u00e9chets de fabrication.<\/li>\n<\/ul>\n<\/div><\/div>\n\n\n\n<div class=\"wp-block-media-text alignwide has-media-on-the-right is-stacked-on-mobile is-image-fill-element\"><div class=\"wp-block-media-text__content\">\n<h2 class=\"wp-block-heading\" id=\"produkter\">Produits<\/h2>\n\n\n\n<ul class=\"wp-block-list\">\n<li>Nous nous effor\u00e7ons de ne pas utiliser de produits chimiques nocifs pour l&#8217;environnement dans la production.<\/li>\n\n\n\n<li>Utiliser davantage de plastiques recycl\u00e9s et r\u00e9utilis\u00e9s dans les produits.<\/li>\n\n\n\n<li>Informer les utilisateurs des m\u00e9thodes de recyclage les plus durables pour nos produits.<\/li>\n<\/ul>\n<\/div><figure class=\"wp-block-media-text__media\"><img loading=\"lazy\" decoding=\"async\" width=\"1024\" height=\"683\" src=\"https:\/\/staging.web9.wildweb.no\/app\/uploads\/sites\/23\/2022\/03\/DAYFOTOGRAFI_ANZA-1240-1024x683.jpg\" alt=\"Pinceaux \u00e0 laque pos\u00e9s sur une table en bois\" class=\"wp-image-16166 size-large\" style=\"object-position:50% 50%\" srcset=\"https:\/\/staging.web9.wildweb.no\/app\/uploads\/sites\/23\/2022\/03\/DAYFOTOGRAFI_ANZA-1240-1024x683.jpg 1024w, https:\/\/staging.web9.wildweb.no\/app\/uploads\/sites\/23\/2022\/03\/DAYFOTOGRAFI_ANZA-1240-300x200.jpg 300w, https:\/\/staging.web9.wildweb.no\/app\/uploads\/sites\/23\/2022\/03\/DAYFOTOGRAFI_ANZA-1240-768x512.jpg 768w, https:\/\/staging.web9.wildweb.no\/app\/uploads\/sites\/23\/2022\/03\/DAYFOTOGRAFI_ANZA-1240-400x267.jpg 400w, https:\/\/staging.web9.wildweb.no\/app\/uploads\/sites\/23\/2022\/03\/DAYFOTOGRAFI_ANZA-1240-396x264.jpg 396w, https:\/\/staging.web9.wildweb.no\/app\/uploads\/sites\/23\/2022\/03\/DAYFOTOGRAFI_ANZA-1240.jpg 1200w\" sizes=\"auto, (max-width: 1024px) 100vw, 1024px\" \/><\/figure><\/div>\n\n\n\n<div class=\"wp-block-media-text alignwide is-stacked-on-mobile is-image-fill-element\"><figure class=\"wp-block-media-text__media\"><img loading=\"lazy\" decoding=\"async\" width=\"1024\" height=\"576\" src=\"https:\/\/staging.web9.wildweb.no\/app\/uploads\/sites\/23\/2020\/11\/c044b34014b5c3c6b2f4818b2507ec93-1-1024x576.jpg\" alt=\"Production - employ\u00e9s\" class=\"wp-image-20002 size-large\" style=\"object-position:50% 50%\" srcset=\"https:\/\/staging.web9.wildweb.no\/app\/uploads\/sites\/23\/2020\/11\/c044b34014b5c3c6b2f4818b2507ec93-1-1024x576.jpg 1024w, https:\/\/staging.web9.wildweb.no\/app\/uploads\/sites\/23\/2020\/11\/c044b34014b5c3c6b2f4818b2507ec93-1-300x169.jpg 300w, https:\/\/staging.web9.wildweb.no\/app\/uploads\/sites\/23\/2020\/11\/c044b34014b5c3c6b2f4818b2507ec93-1-768x432.jpg 768w, https:\/\/staging.web9.wildweb.no\/app\/uploads\/sites\/23\/2020\/11\/c044b34014b5c3c6b2f4818b2507ec93-1-448x252.jpg 448w, https:\/\/staging.web9.wildweb.no\/app\/uploads\/sites\/23\/2020\/11\/c044b34014b5c3c6b2f4818b2507ec93-1-400x225.jpg 400w, https:\/\/staging.web9.wildweb.no\/app\/uploads\/sites\/23\/2020\/11\/c044b34014b5c3c6b2f4818b2507ec93-1.jpg 1280w\" sizes=\"auto, (max-width: 1024px) 100vw, 1024px\" \/><\/figure><div class=\"wp-block-media-text__content\">\n<h2 class=\"wp-block-heading\" id=\"produktion\">Les personnes<\/h2>\n\n\n\n<ul class=\"wp-block-list\">\n<li>Fixer des objectifs clairs en mati\u00e8re de d\u00e9veloppement durable pour tous les d\u00e9partements.<\/li>\n\n\n\n<li>Veiller \u00e0 ce que tous les membres de l&#8217;organisation connaissent notre strat\u00e9gie en mati\u00e8re de d\u00e9veloppement durable.<\/li>\n\n\n\n<li>Veillez \u00e0 ce que tous les points de l&#8217;\u00e9valuation des droits de l&#8217;homme d&#8217;Orkla soient respect\u00e9s.<\/li>\n<\/ul>\n<\/div><\/div>\n\n\n\n<figure class=\"wp-block-pullquote\"><blockquote><p>L&#8217;un de nos projets prioritaires a \u00e9t\u00e9 de collaborer avec l&#8217;institut de recherche RISE afin de trouver le moyen le plus durable pour les consommateurs de se d\u00e9barrasser de leurs outils de peinture &#8211; un d\u00e9fi car les produits sont souvent pleins de peinture apr\u00e8s utilisation.<\/p><cite><a href=\"https:\/\/staging.web9.wildweb.no\/wp\/articles\/paint-woodwork\/take-care-of-and-clean-your-brush\/\">En savoir plus sur la fa\u00e7on de prendre soin de votre brosse de mani\u00e8re durable apr\u00e8s utilisation<\/a><\/cite><\/blockquote><\/figure>\n\n\n\n<figure class=\"wp-block-embed is-type-video is-provider-vimeo wp-block-embed-vimeo wp-embed-aspect-16-9 wp-has-aspect-ratio\"><div class=\"wp-block-embed__wrapper\">\n<iframe loading=\"lazy\" title=\"Orkla House Care - Sustainability Strategy\" src=\"https:\/\/player.vimeo.com\/video\/836480391?dnt=1&amp;app_id=122963\" width=\"500\" height=\"281\" frameborder=\"0\" allow=\"autoplay; fullscreen; picture-in-picture; clipboard-write; encrypted-media; web-share\" referrerpolicy=\"strict-origin-when-cross-origin\"><\/iframe>\n<\/div><\/figure>\n","protected":false},"excerpt":{"rendered":"<p>La durabilit\u00e9 pour l&#8217;avenir<\/p>\n","protected":false},"author":4,"featured_media":15940,"parent":15936,"menu_order":0,"comment_status":"closed","ping_status":"closed","template":"About.php","meta":{"_acf_changed":false,"_relevanssi_hide_post":"","_relevanssi_hide_content":"","_relevanssi_pin_for_all":"","_relevanssi_pin_keywords":"","_relevanssi_unpin_keywords":"","_relevanssi_related_keywords":"","_relevanssi_related_include_ids":"","_relevanssi_related_exclude_ids":"","_relevanssi_related_no_append":"","_relevanssi_related_not_related":"","_relevanssi_related_posts":"","_relevanssi_noindex_reason":"","inline_featured_image":false,"footnotes":""},"class_list":["post-16156","page","type-page","status-publish","has-post-thumbnail","hentry"],"acf":[],"yoast_head":"<!-- This site is optimized with the Yoast SEO plugin v27.4 - https:\/\/yoast.com\/product\/yoast-seo-wordpress\/ -->\n<title>Durabilit\u00e9 &#8211; Anza Benelux<\/title>\n<meta name=\"description\" content=\"Anza is a leading Swedish supplier of painting tools, brushes, rollers and cleaners. Anza helps you with your painting projects. Read more here!\" \/>\n<meta name=\"robots\" content=\"noindex, follow, max-snippet:-1, max-image-preview:large, max-video-preview:-1\" \/>\n<meta property=\"og:locale\" content=\"fr_FR\" \/>\n<meta property=\"og:type\" content=\"website\" \/>\n<meta property=\"og:title\" content=\"Durabilit\u00e9 &#8211; Anza Benelux\" \/>\n<meta property=\"og:description\" content=\"Anza is a leading Swedish supplier of painting tools, brushes, rollers and cleaners. Anza helps you with your painting projects. Read more here!\" \/>\n<meta property=\"og:url\" content=\"https:\/\/staging.web9.wildweb.no\/fr\/a-propos-de-nous\/durabilite\/\" \/>\n<meta property=\"og:site_name\" content=\"Anza Benelux\" \/>\n<meta property=\"article:publisher\" content=\"https:\/\/www.facebook.com\/anzamaleriverktyg\/\" \/>\n<meta property=\"article:modified_time\" content=\"2025-09-03T20:19:56+00:00\" \/>\n<meta property=\"og:image\" content=\"https:\/\/staging.web9.wildweb.no\/app\/uploads\/sites\/23\/2022\/02\/about1.jpg\" \/>\n\t<meta property=\"og:image:width\" content=\"1600\" \/>\n\t<meta property=\"og:image:height\" content=\"1200\" \/>\n\t<meta property=\"og:image:type\" content=\"image\/jpeg\" \/>\n<meta name=\"twitter:card\" content=\"summary_large_image\" \/>\n<meta name=\"twitter:label1\" content=\"Est. reading time\" \/>\n\t<meta name=\"twitter:data1\" content=\"2 minutes\" \/>\n<script type=\"application\/ld+json\" class=\"yoast-schema-graph\">{\"@context\":\"https:\\\/\\\/schema.org\",\"@graph\":[{\"@type\":\"WebPage\",\"@id\":\"https:\\\/\\\/staging.web9.wildweb.no\\\/fr\\\/a-propos-de-nous\\\/durabilite\\\/\",\"url\":\"https:\\\/\\\/staging.web9.wildweb.no\\\/fr\\\/a-propos-de-nous\\\/durabilite\\\/\",\"name\":\"Durabilit\u00e9 &#8211; Anza Benelux\",\"isPartOf\":{\"@id\":\"https:\\\/\\\/staging.web9.wildweb.no\\\/fr\\\/#website\"},\"primaryImageOfPage\":{\"@id\":\"https:\\\/\\\/staging.web9.wildweb.no\\\/fr\\\/a-propos-de-nous\\\/durabilite\\\/#primaryimage\"},\"image\":{\"@id\":\"https:\\\/\\\/staging.web9.wildweb.no\\\/fr\\\/a-propos-de-nous\\\/durabilite\\\/#primaryimage\"},\"thumbnailUrl\":\"https:\\\/\\\/staging.web9.wildweb.no\\\/app\\\/uploads\\\/sites\\\/23\\\/2022\\\/02\\\/about1.jpg\",\"datePublished\":\"2022-02-16T18:33:39+00:00\",\"dateModified\":\"2025-09-03T20:19:56+00:00\",\"description\":\"Anza is a leading Swedish supplier of painting tools, brushes, rollers and cleaners. Anza helps you with your painting projects. Read more here!\",\"breadcrumb\":{\"@id\":\"https:\\\/\\\/staging.web9.wildweb.no\\\/fr\\\/a-propos-de-nous\\\/durabilite\\\/#breadcrumb\"},\"inLanguage\":\"fr-BE\",\"potentialAction\":[{\"@type\":\"ReadAction\",\"target\":[\"https:\\\/\\\/staging.web9.wildweb.no\\\/fr\\\/a-propos-de-nous\\\/durabilite\\\/\"]}]},{\"@type\":\"ImageObject\",\"inLanguage\":\"fr-BE\",\"@id\":\"https:\\\/\\\/staging.web9.wildweb.no\\\/fr\\\/a-propos-de-nous\\\/durabilite\\\/#primaryimage\",\"url\":\"https:\\\/\\\/staging.web9.wildweb.no\\\/app\\\/uploads\\\/sites\\\/23\\\/2022\\\/02\\\/about1.jpg\",\"contentUrl\":\"https:\\\/\\\/staging.web9.wildweb.no\\\/app\\\/uploads\\\/sites\\\/23\\\/2022\\\/02\\\/about1.jpg\",\"width\":1600,\"height\":1200},{\"@type\":\"BreadcrumbList\",\"@id\":\"https:\\\/\\\/staging.web9.wildweb.no\\\/fr\\\/a-propos-de-nous\\\/durabilite\\\/#breadcrumb\",\"itemListElement\":[{\"@type\":\"ListItem\",\"position\":1,\"name\":\"Home\",\"item\":\"https:\\\/\\\/staging.web9.wildweb.no\\\/fr\\\/\"},{\"@type\":\"ListItem\",\"position\":2,\"name\":\"A propos de nous\",\"item\":\"https:\\\/\\\/staging.web9.wildweb.no\\\/fr\\\/a-propos-de-nous\\\/\"},{\"@type\":\"ListItem\",\"position\":3,\"name\":\"Durabilit\u00e9\"}]},{\"@type\":\"WebSite\",\"@id\":\"https:\\\/\\\/staging.web9.wildweb.no\\\/fr\\\/#website\",\"url\":\"https:\\\/\\\/staging.web9.wildweb.no\\\/fr\\\/\",\"name\":\"Anza Painting Tools\",\"description\":\"Brushes, rollers and tools that make painting easier\",\"publisher\":{\"@id\":\"https:\\\/\\\/staging.web9.wildweb.no\\\/fr\\\/#organization\"},\"alternateName\":\"Anza\",\"potentialAction\":[{\"@type\":\"SearchAction\",\"target\":{\"@type\":\"EntryPoint\",\"urlTemplate\":\"https:\\\/\\\/staging.web9.wildweb.no\\\/fr\\\/?s={search_term_string}\"},\"query-input\":{\"@type\":\"PropertyValueSpecification\",\"valueRequired\":true,\"valueName\":\"search_term_string\"}}],\"inLanguage\":\"fr-BE\"},{\"@type\":\"Organization\",\"@id\":\"https:\\\/\\\/staging.web9.wildweb.no\\\/fr\\\/#organization\",\"name\":\"Anza Painting Tools\",\"url\":\"https:\\\/\\\/staging.web9.wildweb.no\\\/fr\\\/\",\"logo\":{\"@type\":\"ImageObject\",\"inLanguage\":\"fr-BE\",\"@id\":\"https:\\\/\\\/staging.web9.wildweb.no\\\/fr\\\/#\\\/schema\\\/logo\\\/image\\\/\",\"url\":\"https:\\\/\\\/staging.web9.wildweb.no\\\/wp\\\/uploads\\\/sites\\\/23\\\/2023\\\/06\\\/ANZA_logo_2021_black_payoff_EN.png\",\"contentUrl\":\"https:\\\/\\\/staging.web9.wildweb.no\\\/wp\\\/uploads\\\/sites\\\/23\\\/2023\\\/06\\\/ANZA_logo_2021_black_payoff_EN.png\",\"width\":1582,\"height\":407,\"caption\":\"Anza Painting Tools\"},\"image\":{\"@id\":\"https:\\\/\\\/staging.web9.wildweb.no\\\/fr\\\/#\\\/schema\\\/logo\\\/image\\\/\"},\"sameAs\":[\"https:\\\/\\\/www.facebook.com\\\/anzamaleriverktyg\\\/\",\"https:\\\/\\\/www.instagram.com\\\/anza_maleriverktyg\\\/\",\"https:\\\/\\\/www.linkedin.com\\\/company\\\/10275943\\\/\",\"https:\\\/\\\/www.youtube.com\\\/channel\\\/UCRly6WXZuX-7p72l_6FeiCg\"]}]}<\/script>\n<!-- \/ Yoast SEO plugin. -->","yoast_head_json":{"title":"Durabilit\u00e9 &#8211; Anza Benelux","description":"Anza is a leading Swedish supplier of painting tools, brushes, rollers and cleaners. Anza helps you with your painting projects. Read more here!","robots":{"index":"noindex","follow":"follow","max-snippet":"max-snippet:-1","max-image-preview":"max-image-preview:large","max-video-preview":"max-video-preview:-1"},"og_locale":"fr_FR","og_type":"website","og_title":"Durabilit\u00e9 &#8211; Anza Benelux","og_description":"Anza is a leading Swedish supplier of painting tools, brushes, rollers and cleaners. Anza helps you with your painting projects. Read more here!","og_url":"https:\/\/staging.web9.wildweb.no\/fr\/a-propos-de-nous\/durabilite\/","og_site_name":"Anza Benelux","article_publisher":"https:\/\/www.facebook.com\/anzamaleriverktyg\/","article_modified_time":"2025-09-03T20:19:56+00:00","og_image":[{"width":1600,"height":1200,"url":"https:\/\/staging.web9.wildweb.no\/app\/uploads\/sites\/23\/2022\/02\/about1.jpg","type":"image\/jpeg"}],"twitter_card":"summary_large_image","twitter_misc":{"Est. reading time":"2 minutes"},"schema":{"@context":"https:\/\/schema.org","@graph":[{"@type":"WebPage","@id":"https:\/\/staging.web9.wildweb.no\/fr\/a-propos-de-nous\/durabilite\/","url":"https:\/\/staging.web9.wildweb.no\/fr\/a-propos-de-nous\/durabilite\/","name":"Durabilit\u00e9 &#8211; Anza Benelux","isPartOf":{"@id":"https:\/\/staging.web9.wildweb.no\/fr\/#website"},"primaryImageOfPage":{"@id":"https:\/\/staging.web9.wildweb.no\/fr\/a-propos-de-nous\/durabilite\/#primaryimage"},"image":{"@id":"https:\/\/staging.web9.wildweb.no\/fr\/a-propos-de-nous\/durabilite\/#primaryimage"},"thumbnailUrl":"https:\/\/staging.web9.wildweb.no\/app\/uploads\/sites\/23\/2022\/02\/about1.jpg","datePublished":"2022-02-16T18:33:39+00:00","dateModified":"2025-09-03T20:19:56+00:00","description":"Anza is a leading Swedish supplier of painting tools, brushes, rollers and cleaners. Anza helps you with your painting projects. Read more here!","breadcrumb":{"@id":"https:\/\/staging.web9.wildweb.no\/fr\/a-propos-de-nous\/durabilite\/#breadcrumb"},"inLanguage":"fr-BE","potentialAction":[{"@type":"ReadAction","target":["https:\/\/staging.web9.wildweb.no\/fr\/a-propos-de-nous\/durabilite\/"]}]},{"@type":"ImageObject","inLanguage":"fr-BE","@id":"https:\/\/staging.web9.wildweb.no\/fr\/a-propos-de-nous\/durabilite\/#primaryimage","url":"https:\/\/staging.web9.wildweb.no\/app\/uploads\/sites\/23\/2022\/02\/about1.jpg","contentUrl":"https:\/\/staging.web9.wildweb.no\/app\/uploads\/sites\/23\/2022\/02\/about1.jpg","width":1600,"height":1200},{"@type":"BreadcrumbList","@id":"https:\/\/staging.web9.wildweb.no\/fr\/a-propos-de-nous\/durabilite\/#breadcrumb","itemListElement":[{"@type":"ListItem","position":1,"name":"Home","item":"https:\/\/staging.web9.wildweb.no\/fr\/"},{"@type":"ListItem","position":2,"name":"A propos de nous","item":"https:\/\/staging.web9.wildweb.no\/fr\/a-propos-de-nous\/"},{"@type":"ListItem","position":3,"name":"Durabilit\u00e9"}]},{"@type":"WebSite","@id":"https:\/\/staging.web9.wildweb.no\/fr\/#website","url":"https:\/\/staging.web9.wildweb.no\/fr\/","name":"Anza Painting Tools","description":"Brushes, rollers and tools that make painting easier","publisher":{"@id":"https:\/\/staging.web9.wildweb.no\/fr\/#organization"},"alternateName":"Anza","potentialAction":[{"@type":"SearchAction","target":{"@type":"EntryPoint","urlTemplate":"https:\/\/staging.web9.wildweb.no\/fr\/?s={search_term_string}"},"query-input":{"@type":"PropertyValueSpecification","valueRequired":true,"valueName":"search_term_string"}}],"inLanguage":"fr-BE"},{"@type":"Organization","@id":"https:\/\/staging.web9.wildweb.no\/fr\/#organization","name":"Anza Painting Tools","url":"https:\/\/staging.web9.wildweb.no\/fr\/","logo":{"@type":"ImageObject","inLanguage":"fr-BE","@id":"https:\/\/staging.web9.wildweb.no\/fr\/#\/schema\/logo\/image\/","url":"https:\/\/staging.web9.wildweb.no\/wp\/uploads\/sites\/23\/2023\/06\/ANZA_logo_2021_black_payoff_EN.png","contentUrl":"https:\/\/staging.web9.wildweb.no\/wp\/uploads\/sites\/23\/2023\/06\/ANZA_logo_2021_black_payoff_EN.png","width":1582,"height":407,"caption":"Anza Painting Tools"},"image":{"@id":"https:\/\/staging.web9.wildweb.no\/fr\/#\/schema\/logo\/image\/"},"sameAs":["https:\/\/www.facebook.com\/anzamaleriverktyg\/","https:\/\/www.instagram.com\/anza_maleriverktyg\/","https:\/\/www.linkedin.com\/company\/10275943\/","https:\/\/www.youtube.com\/channel\/UCRly6WXZuX-7p72l_6FeiCg"]}]}},"_links":{"self":[{"href":"https:\/\/staging.web9.wildweb.no\/fr\/wp-json\/wp\/v2\/pages\/16156","targetHints":{"allow":["GET"]}}],"collection":[{"href":"https:\/\/staging.web9.wildweb.no\/fr\/wp-json\/wp\/v2\/pages"}],"about":[{"href":"https:\/\/staging.web9.wildweb.no\/fr\/wp-json\/wp\/v2\/types\/page"}],"author":[{"embeddable":true,"href":"https:\/\/staging.web9.wildweb.no\/fr\/wp-json\/wp\/v2\/users\/4"}],"replies":[{"embeddable":true,"href":"https:\/\/staging.web9.wildweb.no\/fr\/wp-json\/wp\/v2\/comments?post=16156"}],"version-history":[{"count":2,"href":"https:\/\/staging.web9.wildweb.no\/fr\/wp-json\/wp\/v2\/pages\/16156\/revisions"}],"predecessor-version":[{"id":21017,"href":"https:\/\/staging.web9.wildweb.no\/fr\/wp-json\/wp\/v2\/pages\/16156\/revisions\/21017"}],"up":[{"embeddable":true,"href":"https:\/\/staging.web9.wildweb.no\/fr\/wp-json\/wp\/v2\/pages\/15936"}],"wp:featuredmedia":[{"embeddable":true,"href":"https:\/\/staging.web9.wildweb.no\/fr\/wp-json\/wp\/v2\/media\/15940"}],"wp:attachment":[{"href":"https:\/\/staging.web9.wildweb.no\/fr\/wp-json\/wp\/v2\/media?parent=16156"}],"curies":[{"name":"wp","href":"https:\/\/api.w.org\/{rel}","templated":true}]}}