{"id":28011,"date":"2026-02-06T08:41:03","date_gmt":"2026-02-06T08:41:03","guid":{"rendered":"https:\/\/staging.web9.wildweb.no\/ici-vous-pouvez-acheter-nos-outils-de-peinture\/"},"modified":"2026-02-06T09:06:14","modified_gmt":"2026-02-06T09:06:14","slug":"revendeurs","status":"publish","type":"page","link":"https:\/\/staging.web9.wildweb.no\/fr\/revendeurs\/","title":{"rendered":"Ici vous pouvez acheter nos outils de peinture"},"content":{"rendered":"\n<p>Vous pouvez acheter les outils de peinture Anza dans la plupart des grandes quincailleries et des magasins de peinture, ainsi que sur plusieurs sites de vente en ligne. La gamme peut varier, mais n&#8217;h\u00e9sitez pas \u00e0 demander \u00e0 votre revendeur si vous recherchez un produit sp\u00e9cifique. <\/p>\n<style>\r\n\t#wpsl-stores .wpsl-store-thumb {height:45px !important; width:45px !important;}\r\n\t#wpsl-stores, #wpsl-direction-details, #wpsl-gmap {height:600px !important;}\r\n\t#wpsl-gmap .wpsl-info-window {max-width:360px !important;}\r\n\t.wpsl-input label, #wpsl-radius label, #wpsl-category label {width:95px;}\r\n\t#wpsl-search-input  {width:179px;}\r\n<\/style>\r\n<div id=\"wpsl-wrap\" class=\"wpsl-store-right\">\r\n\t<div class=\"wpsl-search wpsl-clearfix wpsl-no-filters\">\r\n\t\t<div id=\"wpsl-search-wrap\">\r\n\t\t\t<form autocomplete=\"off\">\r\n\t\t\t<div class=\"wpsl-input\">\r\n\t\t\t\t<input id=\"wpsl-search-input\" class=\"input--search\" type=\"text\" value=\"\" name=\"wpsl-search-input\" placeholder=\"Your location...\" aria-required=\"true\" \/>\r\n\t\t\t\t<span id=\"wpsl-reset-map\" class=\"wpsl-in-progress\"><\/span>\r\n\t\t\t<\/div>\r\n\t\t\t\t<div class=\"wpsl-search-btn-wrap\"><input id=\"wpsl-search-btn\" type=\"submit\" value=\"Search\"><\/div>\r\n\t\t<\/form>\r\n\t\t<\/div>\r\n\t<\/div>\r\n\t<div id=\"wpsl-gmap\" class=\"wpsl-gmap-canvas\"><\/div>\r\n\t<div id=\"wpsl-result-list\">\r\n\t\t<div id=\"wpsl-stores\" >\r\n\t\t\t<ul><\/ul>\r\n\t\t<\/div>\r\n\t\t<div id=\"wpsl-direction-details\">\r\n\t\t\t<ul><\/ul>\r\n\t\t<\/div>\r\n\t<\/div>\r\n<\/div>\r\n\n","protected":false},"excerpt":{"rendered":"<p>Vous pouvez acheter les outils de peinture Anza dans la plupart des grandes quincailleries et des magasins de peinture, ainsi que sur plusieurs sites de vente en ligne. La gamme peut varier, mais n&#8217;h\u00e9sitez pas \u00e0 demander \u00e0 votre revendeur si vous recherchez un produit sp\u00e9cifique.<\/p>\n","protected":false},"author":4,"featured_media":0,"parent":0,"menu_order":0,"comment_status":"closed","ping_status":"closed","template":"DefaultArticle.php","meta":{"_acf_changed":false,"_relevanssi_hide_post":"","_relevanssi_hide_content":"","_relevanssi_pin_for_all":"","_relevanssi_pin_keywords":"","_relevanssi_unpin_keywords":"","_relevanssi_related_keywords":"","_relevanssi_related_include_ids":"","_relevanssi_related_exclude_ids":"","_relevanssi_related_no_append":"","_relevanssi_related_not_related":"","_relevanssi_related_posts":"","_relevanssi_noindex_reason":"","inline_featured_image":false,"footnotes":""},"class_list":["post-28011","page","type-page","status-publish","hentry"],"acf":[],"yoast_head":"<!-- This site is optimized with the Yoast SEO plugin v27.4 - https:\/\/yoast.com\/product\/yoast-seo-wordpress\/ -->\n<title>Ici vous pouvez acheter nos outils de peinture &#8211; Anza Benelux<\/title>\n<meta name=\"description\" content=\"Anza is a leading Swedish supplier of painting tools, brushes, rollers and cleaners. Anza helps you with your painting projects. Read more here!\" \/>\n<meta name=\"robots\" content=\"noindex, follow, max-snippet:-1, max-image-preview:large, max-video-preview:-1\" \/>\n<meta property=\"og:locale\" content=\"fr_FR\" \/>\n<meta property=\"og:type\" content=\"website\" \/>\n<meta property=\"og:title\" content=\"Ici vous pouvez acheter nos outils de peinture &#8211; Anza Benelux\" \/>\n<meta property=\"og:description\" content=\"Anza is a leading Swedish supplier of painting tools, brushes, rollers and cleaners. Anza helps you with your painting projects. Read more here!\" \/>\n<meta property=\"og:url\" content=\"https:\/\/staging.web9.wildweb.no\/fr\/revendeurs\/\" \/>\n<meta property=\"og:site_name\" content=\"Anza Benelux\" \/>\n<meta property=\"article:publisher\" content=\"https:\/\/www.facebook.com\/anzamaleriverktyg\/\" \/>\n<meta property=\"article:modified_time\" content=\"2026-02-06T09:06:14+00:00\" \/>\n<meta name=\"twitter:card\" content=\"summary_large_image\" \/>\n<script type=\"application\/ld+json\" class=\"yoast-schema-graph\">{\"@context\":\"https:\\\/\\\/schema.org\",\"@graph\":[{\"@type\":\"WebPage\",\"@id\":\"https:\\\/\\\/staging.web9.wildweb.no\\\/fr\\\/revendeurs\\\/\",\"url\":\"https:\\\/\\\/staging.web9.wildweb.no\\\/fr\\\/revendeurs\\\/\",\"name\":\"Ici vous pouvez acheter nos outils de peinture &#8211; Anza Benelux\",\"isPartOf\":{\"@id\":\"https:\\\/\\\/staging.web9.wildweb.no\\\/fr\\\/#website\"},\"datePublished\":\"2026-02-06T08:41:03+00:00\",\"dateModified\":\"2026-02-06T09:06:14+00:00\",\"description\":\"Anza is a leading Swedish supplier of painting tools, brushes, rollers and cleaners. Anza helps you with your painting projects. Read more here!\",\"breadcrumb\":{\"@id\":\"https:\\\/\\\/staging.web9.wildweb.no\\\/fr\\\/revendeurs\\\/#breadcrumb\"},\"inLanguage\":\"fr-BE\",\"potentialAction\":[{\"@type\":\"ReadAction\",\"target\":[\"https:\\\/\\\/staging.web9.wildweb.no\\\/fr\\\/revendeurs\\\/\"]}]},{\"@type\":\"BreadcrumbList\",\"@id\":\"https:\\\/\\\/staging.web9.wildweb.no\\\/fr\\\/revendeurs\\\/#breadcrumb\",\"itemListElement\":[{\"@type\":\"ListItem\",\"position\":1,\"name\":\"Home\",\"item\":\"https:\\\/\\\/staging.web9.wildweb.no\\\/fr\\\/\"},{\"@type\":\"ListItem\",\"position\":2,\"name\":\"Ici vous pouvez acheter nos outils de peinture\"}]},{\"@type\":\"WebSite\",\"@id\":\"https:\\\/\\\/staging.web9.wildweb.no\\\/fr\\\/#website\",\"url\":\"https:\\\/\\\/staging.web9.wildweb.no\\\/fr\\\/\",\"name\":\"Anza Painting Tools\",\"description\":\"Brushes, rollers and tools that make painting easier\",\"publisher\":{\"@id\":\"https:\\\/\\\/staging.web9.wildweb.no\\\/fr\\\/#organization\"},\"alternateName\":\"Anza\",\"potentialAction\":[{\"@type\":\"SearchAction\",\"target\":{\"@type\":\"EntryPoint\",\"urlTemplate\":\"https:\\\/\\\/staging.web9.wildweb.no\\\/fr\\\/?s={search_term_string}\"},\"query-input\":{\"@type\":\"PropertyValueSpecification\",\"valueRequired\":true,\"valueName\":\"search_term_string\"}}],\"inLanguage\":\"fr-BE\"},{\"@type\":\"Organization\",\"@id\":\"https:\\\/\\\/staging.web9.wildweb.no\\\/fr\\\/#organization\",\"name\":\"Anza Painting Tools\",\"url\":\"https:\\\/\\\/staging.web9.wildweb.no\\\/fr\\\/\",\"logo\":{\"@type\":\"ImageObject\",\"inLanguage\":\"fr-BE\",\"@id\":\"https:\\\/\\\/staging.web9.wildweb.no\\\/fr\\\/#\\\/schema\\\/logo\\\/image\\\/\",\"url\":\"https:\\\/\\\/staging.web9.wildweb.no\\\/wp\\\/uploads\\\/sites\\\/23\\\/2023\\\/06\\\/ANZA_logo_2021_black_payoff_EN.png\",\"contentUrl\":\"https:\\\/\\\/staging.web9.wildweb.no\\\/wp\\\/uploads\\\/sites\\\/23\\\/2023\\\/06\\\/ANZA_logo_2021_black_payoff_EN.png\",\"width\":1582,\"height\":407,\"caption\":\"Anza Painting Tools\"},\"image\":{\"@id\":\"https:\\\/\\\/staging.web9.wildweb.no\\\/fr\\\/#\\\/schema\\\/logo\\\/image\\\/\"},\"sameAs\":[\"https:\\\/\\\/www.facebook.com\\\/anzamaleriverktyg\\\/\",\"https:\\\/\\\/www.instagram.com\\\/anza_maleriverktyg\\\/\",\"https:\\\/\\\/www.linkedin.com\\\/company\\\/10275943\\\/\",\"https:\\\/\\\/www.youtube.com\\\/channel\\\/UCRly6WXZuX-7p72l_6FeiCg\"]}]}<\/script>\n<!-- \/ Yoast SEO plugin. -->","yoast_head_json":{"title":"Ici vous pouvez acheter nos outils de peinture &#8211; Anza Benelux","description":"Anza is a leading Swedish supplier of painting tools, brushes, rollers and cleaners. Anza helps you with your painting projects. Read more here!","robots":{"index":"noindex","follow":"follow","max-snippet":"max-snippet:-1","max-image-preview":"max-image-preview:large","max-video-preview":"max-video-preview:-1"},"og_locale":"fr_FR","og_type":"website","og_title":"Ici vous pouvez acheter nos outils de peinture &#8211; Anza Benelux","og_description":"Anza is a leading Swedish supplier of painting tools, brushes, rollers and cleaners. Anza helps you with your painting projects. Read more here!","og_url":"https:\/\/staging.web9.wildweb.no\/fr\/revendeurs\/","og_site_name":"Anza Benelux","article_publisher":"https:\/\/www.facebook.com\/anzamaleriverktyg\/","article_modified_time":"2026-02-06T09:06:14+00:00","twitter_card":"summary_large_image","schema":{"@context":"https:\/\/schema.org","@graph":[{"@type":"WebPage","@id":"https:\/\/staging.web9.wildweb.no\/fr\/revendeurs\/","url":"https:\/\/staging.web9.wildweb.no\/fr\/revendeurs\/","name":"Ici vous pouvez acheter nos outils de peinture &#8211; Anza Benelux","isPartOf":{"@id":"https:\/\/staging.web9.wildweb.no\/fr\/#website"},"datePublished":"2026-02-06T08:41:03+00:00","dateModified":"2026-02-06T09:06:14+00:00","description":"Anza is a leading Swedish supplier of painting tools, brushes, rollers and cleaners. Anza helps you with your painting projects. Read more here!","breadcrumb":{"@id":"https:\/\/staging.web9.wildweb.no\/fr\/revendeurs\/#breadcrumb"},"inLanguage":"fr-BE","potentialAction":[{"@type":"ReadAction","target":["https:\/\/staging.web9.wildweb.no\/fr\/revendeurs\/"]}]},{"@type":"BreadcrumbList","@id":"https:\/\/staging.web9.wildweb.no\/fr\/revendeurs\/#breadcrumb","itemListElement":[{"@type":"ListItem","position":1,"name":"Home","item":"https:\/\/staging.web9.wildweb.no\/fr\/"},{"@type":"ListItem","position":2,"name":"Ici vous pouvez acheter nos outils de peinture"}]},{"@type":"WebSite","@id":"https:\/\/staging.web9.wildweb.no\/fr\/#website","url":"https:\/\/staging.web9.wildweb.no\/fr\/","name":"Anza Painting Tools","description":"Brushes, rollers and tools that make painting easier","publisher":{"@id":"https:\/\/staging.web9.wildweb.no\/fr\/#organization"},"alternateName":"Anza","potentialAction":[{"@type":"SearchAction","target":{"@type":"EntryPoint","urlTemplate":"https:\/\/staging.web9.wildweb.no\/fr\/?s={search_term_string}"},"query-input":{"@type":"PropertyValueSpecification","valueRequired":true,"valueName":"search_term_string"}}],"inLanguage":"fr-BE"},{"@type":"Organization","@id":"https:\/\/staging.web9.wildweb.no\/fr\/#organization","name":"Anza Painting Tools","url":"https:\/\/staging.web9.wildweb.no\/fr\/","logo":{"@type":"ImageObject","inLanguage":"fr-BE","@id":"https:\/\/staging.web9.wildweb.no\/fr\/#\/schema\/logo\/image\/","url":"https:\/\/staging.web9.wildweb.no\/wp\/uploads\/sites\/23\/2023\/06\/ANZA_logo_2021_black_payoff_EN.png","contentUrl":"https:\/\/staging.web9.wildweb.no\/wp\/uploads\/sites\/23\/2023\/06\/ANZA_logo_2021_black_payoff_EN.png","width":1582,"height":407,"caption":"Anza Painting Tools"},"image":{"@id":"https:\/\/staging.web9.wildweb.no\/fr\/#\/schema\/logo\/image\/"},"sameAs":["https:\/\/www.facebook.com\/anzamaleriverktyg\/","https:\/\/www.instagram.com\/anza_maleriverktyg\/","https:\/\/www.linkedin.com\/company\/10275943\/","https:\/\/www.youtube.com\/channel\/UCRly6WXZuX-7p72l_6FeiCg"]}]}},"_links":{"self":[{"href":"https:\/\/staging.web9.wildweb.no\/fr\/wp-json\/wp\/v2\/pages\/28011","targetHints":{"allow":["GET"]}}],"collection":[{"href":"https:\/\/staging.web9.wildweb.no\/fr\/wp-json\/wp\/v2\/pages"}],"about":[{"href":"https:\/\/staging.web9.wildweb.no\/fr\/wp-json\/wp\/v2\/types\/page"}],"author":[{"embeddable":true,"href":"https:\/\/staging.web9.wildweb.no\/fr\/wp-json\/wp\/v2\/users\/4"}],"replies":[{"embeddable":true,"href":"https:\/\/staging.web9.wildweb.no\/fr\/wp-json\/wp\/v2\/comments?post=28011"}],"version-history":[{"count":1,"href":"https:\/\/staging.web9.wildweb.no\/fr\/wp-json\/wp\/v2\/pages\/28011\/revisions"}],"predecessor-version":[{"id":28012,"href":"https:\/\/staging.web9.wildweb.no\/fr\/wp-json\/wp\/v2\/pages\/28011\/revisions\/28012"}],"wp:attachment":[{"href":"https:\/\/staging.web9.wildweb.no\/fr\/wp-json\/wp\/v2\/media?parent=28011"}],"curies":[{"name":"wp","href":"https:\/\/api.w.org\/{rel}","templated":true}]}}