{"id":16022,"date":"2017-11-17T06:44:08","date_gmt":"2017-11-17T06:44:08","guid":{"rendered":"https:\/\/staging.web9.wildweb.no\/anza-wereldwijd\/"},"modified":"2026-02-06T09:01:48","modified_gmt":"2026-02-06T09:01:48","slug":"anza-wereldwijd","status":"publish","type":"page","link":"https:\/\/staging.web9.wildweb.no\/nl\/anza-wereldwijd\/","title":{"rendered":"Anza wereldwijd"},"content":{"rendered":"\n<p class=\"article__lead teaser\">Vind hieronder de website en\/of dealer van Anza bij jou in de buurt.<\/p>\n\n\n\n<div class=\"wp-block-columns is-layout-flex wp-container-core-columns-is-layout-9d6595d7 wp-block-columns-is-layout-flex\">\n<div class=\"wp-block-column is-layout-flow wp-block-column-is-layout-flow\">\n<h3 class=\"wp-block-heading\">Zweden<\/h3>\n\n\n\n<p><strong>Orkla House Care AB<\/strong><br>Tallv\u00e4gen 6<br>564 23 Bankeryd<br>Zweden<br><br>Tel: +46-36-37 63 00<br>Fax: +46-36-37 79 90<br><a href=\"mailto:info@anza.se\">info@anza.se<\/a><br><a href=\"http:\/\/www.anza.se\">www.anza.se<\/a><\/p>\n\n\n\n<p><\/p>\n<\/div>\n\n\n\n<div class=\"wp-block-column is-layout-flow wp-block-column-is-layout-flow\">\n<h3 class=\"wp-block-heading\">Benelux<\/h3>\n\n\n\n<p><strong>Orkla House Care<\/strong><br>Koralenhoeve 25<br>B-2160 Wommelgem<br>Belgi\u00eb<br><br>Tel: +32 3 32 73 346<br><a href=\"mailto:sales@orkla.eu\">sales@orkla.eu<\/a><br><a href=\"http:\/\/www.anzapro.be\">www.anzapro.be<\/a><br><a href=\"http:\/\/www.anzapro.nl\">www.anzapro.nl<\/a><\/p>\n\n\n\n<p><\/p>\n<\/div>\n\n\n\n<div class=\"wp-block-column is-layout-flow wp-block-column-is-layout-flow\">\n<h3 class=\"wp-block-heading\">Denemarken<\/h3>\n\n\n\n<p><strong>Orkla House Care<\/strong><br>Industrigrenen 10<br>2635 Ish\u00f8j<br>Denemarken<br><br>Tel: +45-47 33 74 00<br>Fax: +45-47 33 74 01<br><a href=\"mailto:info@anza.dk\">info@anza.dk<\/a><br><a href=\"http:\/\/www.anza.dk\">www.anza.dk<\/a><\/p>\n\n\n\n<p><\/p>\n<\/div>\n\n\n\n<div class=\"wp-block-column is-layout-flow wp-block-column-is-layout-flow\">\n<h3 class=\"wp-block-heading\">Bulgarije<\/h3>\n\n\n\n<p><strong>thenordicmark Ltd.<\/strong><br>Vladimir Vazov blvd. 65<br>1836 Sofia<br>Bulgarije<br><br>Tel: +359 876 496 353<br><a href=\"mailto:info.bg@thenordicmark.com\">info.bg@thenordicmark.com<\/a><br><a href=\"mailto:order.bg@thenordicmark.com\">order.bg@thenordicmark.com<\/a><br><a href=\"http:\/\/www.thenordicmark.com\/bg\/\">www.thenordicmark.com\/bg\/<\/a><\/p>\n<\/div>\n<\/div>\n\n\n\n<div class=\"wp-block-columns is-layout-flex wp-container-core-columns-is-layout-9d6595d7 wp-block-columns-is-layout-flex\">\n<div class=\"wp-block-column is-layout-flow wp-block-column-is-layout-flow\">\n<h3 class=\"wp-block-heading\">Tsjechi\u00eb<\/h3>\n\n\n\n<p><strong>Dejmark Czech s.r.o.<\/strong><br>Pod\u011bbradsk\u00e1 1020\/30<br>190 00 Praha 9<br>Tsjechi\u00eb<br><br>Tel: +420 724 536 652<br><a href=\"http:\/\/www.dejmark.cz\">info.cz@dejmark.com<br>www.dejmark.cz<\/a><br><a href=\"http:\/\/www.xbarvy.cz\">www.xbarvy.cz<\/a><\/p>\n\n\n\n<p><\/p>\n\n\n\n<p><\/p>\n<\/div>\n\n\n\n<div class=\"wp-block-column is-layout-flow wp-block-column-is-layout-flow\">\n<h3 class=\"wp-block-heading\">Estland<\/h3>\n\n\n\n<p><strong>AS Tikkurila<\/strong><br>Liimi 5<br>EE-10621 Tallinn<br>Estland<br><br>Tel: +372-6 501 100<br><a href=\"mailto:info.ee@ppg.com\">info.ee@ppg.com<\/a><br><a href=\"http:\/\/www.vivacolor.ee\/anza\">www.vivacolor.ee\/anza<\/a><\/p>\n\n\n\n<p><\/p>\n<\/div>\n\n\n\n<div class=\"wp-block-column is-layout-flow wp-block-column-is-layout-flow\">\n<h3 class=\"wp-block-heading\">Finland<\/h3>\n\n\n\n<p><strong>Oy C.E. Lindgren AB<\/strong><br>Raudoittajantie 5<br>FI-06450 Porvoo<br>Finland<br><br>Tel: +358-19 536 010 <br><a href=\"mailto:info@celindgren.fi\">info@celindgren.fi <\/a><br><a href=\"http:\/\/www.celindgren.fi\">www.celindgren.fi<\/a><\/p>\n\n\n\n<p><\/p>\n<\/div>\n\n\n\n<div class=\"wp-block-column is-layout-flow wp-block-column-is-layout-flow\">\n<h3 class=\"wp-block-heading\">Finland<\/h3>\n\n\n\n<p><strong>Stark Suomi Oy<\/strong><br>Olarinluoma 15<br>02600 Espoo<br>Finland<br><br>Tel: +358 93 541 0000<br><a href=\"https:\/\/www.stark-suomi.fi\">www.stark-suomi.fi<\/a><\/p>\n\n\n\n<p><\/p>\n<\/div>\n<\/div>\n\n\n\n<div class=\"wp-block-columns is-layout-flex wp-container-core-columns-is-layout-9d6595d7 wp-block-columns-is-layout-flex\">\n<div class=\"wp-block-column is-layout-flow wp-block-column-is-layout-flow\">\n<h3 class=\"wp-block-heading\">Hongarije<\/h3>\n\n\n\n<p><strong>thenordicmark KFT<\/strong><br>Gy\u00e1li \u00fat 27-29.<br>1097 Boedapest<br>Hongarije<br><br>Tel: +36 1 348 3040<br><a href=\"mailto:info.hu@nordicmark.com\">info.hu@nordicmark.com<\/a><br><a href=\"http:\/\/www.thenordicmark.com\/hu\">www.thenordicmark.com\/hu<\/a><\/p>\n\n\n\n<p><\/p>\n\n\n\n<p><\/p>\n<\/div>\n\n\n\n<div class=\"wp-block-column is-layout-flow wp-block-column-is-layout-flow\">\n<h3 class=\"wp-block-heading\">IJsland<\/h3>\n\n\n\n<p><strong>John Lindsay Ltd.<\/strong><br>Klettagardar 23<br>104 Reykjavik<br>IJsland<br><br>Tel: +354 533 2600<br>Mobiel: +354 863 5334<br><a href=\"mailto:lindsay@lindsay.is\">daninn@daninn.is <\/a><br><a href=\"http:\/\/www.lindsay.is\"> www.daninn.is<\/a><\/p>\n\n\n\n<p><\/p>\n<\/div>\n\n\n\n<div class=\"wp-block-column is-layout-flow wp-block-column-is-layout-flow\">\n<h3 class=\"wp-block-heading\">Letland<\/h3>\n\n\n\n<p><strong>SIA Tikkurila<\/strong><br>Kurzes Str. 23 K-3<br>LV-1046, Riga<br>Letland <br><br>Tel: +371 67 611 135<br>Fax: +371 67 610 911<br><a href=\"mailto:info.lv@ppg.com\">info.lv@ppg.com<\/a><a href=\"mailto:info.lv@tikkurila.com\"><br><\/a><a href=\"https:\/\/www.tikkurila.lv\">www.tikkurila.lv<\/a><br><a href=\"http:\/\/www.vivacolor.lv\">www.vivacolor.lv<\/a><\/p>\n\n\n\n<p><\/p>\n<\/div>\n\n\n\n<div class=\"wp-block-column is-layout-flow wp-block-column-is-layout-flow\">\n<h3 class=\"wp-block-heading\">Litouwen<\/h3>\n\n\n\n<p><strong>UAB Tikkurila<\/strong><br>Sietyno 8<br>LT-04304 Vilnius<br>Litouwen<br><br>Tel: +370-2 706 413<br>Mob: +370 614 12 898<br><a href=\"mailto:Info.lt@ppg.com\">Info.lt@ppg.com<\/a><a href=\"mailto:info@vivacolor.lt\"><br><\/a>w<a href=\"https:\/\/www.tikkurila.lt\">ww.tikkurila.lt<\/a><br> www.vivacolor.lt<\/p>\n\n\n\n<p><\/p>\n<\/div>\n<\/div>\n\n\n\n<div class=\"wp-block-columns is-layout-flex wp-container-core-columns-is-layout-9d6595d7 wp-block-columns-is-layout-flex\">\n<div class=\"wp-block-column is-layout-flow wp-block-column-is-layout-flow\">\n<h3 class=\"wp-block-heading\">Maleisi\u00eb<\/h3>\n\n\n\n<p><strong>ANZA Marketing Sdn.Bhd<\/strong><br>No 118, Lengkok Kampung Jawa 2<br>Nftz Fasa 3<br>MY-11900 Pengang<br>Maleisi\u00eb<br><br>Tel: +60-4 646 3916<br>Fax: +60-4 646 7917<br><a href=\"mailto:c.l.loh@zhingthard.com\">c.l.loh@zhingthard.com<\/a><\/p>\n\n\n\n<p><\/p>\n<\/div>\n\n\n\n<div class=\"wp-block-column is-layout-flow wp-block-column-is-layout-flow\">\n<h3 class=\"wp-block-heading\">Malta<\/h3>\n\n\n\n<p><strong>Ellcee Nautical Supplies Co. Ltd. <\/strong><br>Camillerie Marine<br>162 a; Ta&#8217;Xbiex Seafront<br>Gzira<br><br>Tel:+356 21 346 230<br>Fax: +356 21 345 414<br><a href=\"mailto:ken@ellcee.com\">ken@ellcee.com<\/a><br><a href=\"http:\/\/www.ellcee.com\">www.ellcee.com<\/a><\/p>\n\n\n\n<p><\/p>\n<\/div>\n\n\n\n<div class=\"wp-block-column is-layout-flow wp-block-column-is-layout-flow\">\n<h3 class=\"wp-block-heading\">Midden-Oosten<\/h3>\n\n\n\n<p><strong>Al Khowahir Chemicals Mat Tr. LLC   <\/strong><br>P.O Box 6870, Sharjah,<br>Verenigde Arabische Emiraten<br><br>Tel: +971-6-542 41 16<br>Fax: +971-6-542 40 16<br><a href=\"mailto:info@khowahir.com\">info@khowahir.com<\/a><br><a href=\"http:\/\/www.khowahir.com\">www.khowahir.com<\/a><\/p>\n\n\n\n<p><\/p>\n<\/div>\n\n\n\n<div class=\"wp-block-column is-layout-flow wp-block-column-is-layout-flow\">\n<h3 class=\"wp-block-heading\">Polen<\/h3>\n\n\n\n<p><strong>WAGNER-SERVICE Sp. z o.o.   <\/strong><br>ul. Emanuela Imieli 30<br>41-605 \u015awi\u0119toch\u0142owice<br>Polen <br><br>Tel: +48 32 346 37 00<br><a href=\"mailto:info@wagner-polska.com.pl\">info@wagner-polska.com.pl<\/a><br><a href=\"http:\/\/www.wagner-polska.com.pl\">www.wagner-polska.com.pl<\/a><\/p>\n\n\n\n<p><\/p>\n<\/div>\n<\/div>\n\n\n\n<div class=\"wp-block-columns is-layout-flex wp-container-core-columns-is-layout-9d6595d7 wp-block-columns-is-layout-flex\">\n<div class=\"wp-block-column is-layout-flow wp-block-column-is-layout-flow\">\n<h3 class=\"wp-block-heading\">Roemeni\u00eb<\/h3>\n\n\n\n<p><strong>thenordicmark SRL<\/strong><br>Str. Cernat nr 27.,<br>RO-525400 Targu Secuiesc, CV<br>Roemeni\u00eb <br><br>Tel: +40 734 542 253<br><a href=\"mailto:info.ro@thenordicmark.com\">info.ro@thenordicmark.com<\/a><br><a href=\"http:\/\/www.thenordicmark.com\/ro\/\">www.thenordicmark.com\/ro\/<\/a><\/p>\n\n\n\n<p><\/p>\n<\/div>\n\n\n\n<div class=\"wp-block-column is-layout-flow wp-block-column-is-layout-flow\">\n<h3 class=\"wp-block-heading\">Slowakije<\/h3>\n\n\n\n<p><strong>Dejmark spol. s r.o. <\/strong><br>Priekopsk\u00e1 3706\/104<br>036 08 Martin-Priekopa<br>Slowakije<br><br>Tel: +421 43 40 100 40<br><a href=\"mailto:martin@dejmark.com\">martin@dejmark.com<br>www.dejmarkgroup.com<\/a><\/p>\n\n\n\n<p><\/p>\n<\/div>\n\n\n\n<div class=\"wp-block-column is-layout-flow wp-block-column-is-layout-flow\">\n<h3 class=\"wp-block-heading\">Servi\u00eb<\/h3>\n\n\n\n<p><strong>Tikkurila d.o.o.<\/strong><br>Hajduk Veljkova BB<br>S\u0102BAC 15000<br>Servi\u00eb<br><br>Tel: 381 15 368 800<br><a href=\"mailto:info.rs@tikkurila.com\">info.rs@tikkurila.com<\/a><\/p>\n\n\n\n<p><\/p>\n<\/div>\n\n\n\n<div class=\"wp-block-column is-layout-flow wp-block-column-is-layout-flow\">\n<h3 class=\"wp-block-heading\">Zwitserland<\/h3>\n\n\n\n<p>PEKA Pinselfabrik AG Industriestrasse 41<br>Postfach 48<br>CH-9642 Ebnat-Kappel<br><br>Tel: +41 71 992 05 05<br><a href=\"mailto:info@peka.ch\">info@peka.ch<\/a><br><a href=\"http:\/\/www.peka.ch\">www.peka.ch<\/a><\/p>\n\n\n\n<p><\/p>\n<\/div>\n<\/div>\n\n\n\n<div class=\"wp-block-columns is-layout-flex wp-container-core-columns-is-layout-9d6595d7 wp-block-columns-is-layout-flex\">\n<div class=\"wp-block-column is-layout-flow wp-block-column-is-layout-flow\">\n<h3 class=\"wp-block-heading\">Kalkoen<\/h3>\n\n\n\n<p><strong>Jotun Boya San. ve Tic. A.\u015e  <\/strong><br>Balabandere Caddesi Hilpark Suites, Sitesi No:10 \u0130stinye<br>34460 Sar\u0131yer<br>Istanbul<br>Turkije<br><br>Tel: +90 212 279 78 78<br>Fax: +90 212 279 25 49<br><a href=\"mailto:boya@jotun.com.tr\">boya@jotun.com.tr<\/a><br><a href=\"http:\/\/www.jotun.com.tr\">www.jotun.com.tr<\/a><\/p>\n\n\n\n<p><\/p>\n<\/div>\n\n\n\n<div class=\"wp-block-column is-layout-flow wp-block-column-is-layout-flow\">\n<h3 class=\"wp-block-heading\"><\/h3>\n\n\n\n<p><\/p>\n\n\n\n<p><\/p>\n<\/div>\n\n\n\n<div class=\"wp-block-column is-layout-flow wp-block-column-is-layout-flow\">\n<h3 class=\"wp-block-heading\"><\/h3>\n\n\n\n<p><\/p>\n\n\n\n<p><\/p>\n<\/div>\n\n\n\n<div class=\"wp-block-column is-layout-flow wp-block-column-is-layout-flow\">\n<h3 class=\"wp-block-heading\"><\/h3>\n<\/div>\n<\/div>\n\n\n\n<div class=\"wp-block-columns is-layout-flex wp-container-core-columns-is-layout-9d6595d7 wp-block-columns-is-layout-flex\">\n<div class=\"wp-block-column is-layout-flow wp-block-column-is-layout-flow\"><\/div>\n<\/div>\n","protected":false},"excerpt":{"rendered":"<p>Vind hieronder de website en\/of dealer van Anza bij jou in de buurt. Zweden Orkla House Care ABTallv\u00e4gen 6564 23 BankerydZweden Tel: +46-36-37 63 00Fax: +46-36-37 79 90info@anza.sewww.anza.se Benelux Orkla House CareKoralenhoeve 25B-2160 WommelgemBelgi\u00eb Tel: +32 3 32 73 346sales@orkla.euwww.anzapro.bewww.anzapro.nl Denemarken Orkla House CareIndustrigrenen 102635 Ish\u00f8jDenemarken Tel: +45-47 33 74 00Fax: +45-47 33 74 01info@anza.dkwww.anza.dk [&hellip;]<\/p>\n","protected":false},"author":1,"featured_media":0,"parent":0,"menu_order":0,"comment_status":"closed","ping_status":"closed","template":"DefaultArticle.php","meta":{"_acf_changed":false,"_relevanssi_hide_post":"","_relevanssi_hide_content":"","_relevanssi_pin_for_all":"","_relevanssi_pin_keywords":"","_relevanssi_unpin_keywords":"","_relevanssi_related_keywords":"","_relevanssi_related_include_ids":"","_relevanssi_related_exclude_ids":"","_relevanssi_related_no_append":"","_relevanssi_related_not_related":"","_relevanssi_related_posts":"","_relevanssi_noindex_reason":"","inline_featured_image":false,"footnotes":""},"class_list":["post-16022","page","type-page","status-publish","hentry"],"acf":[],"yoast_head":"<!-- This site is optimized with the Yoast SEO plugin v27.4 - https:\/\/yoast.com\/product\/yoast-seo-wordpress\/ -->\n<title>Anza wereldwijd &#8211; Anza Benelux<\/title>\n<meta name=\"description\" content=\"Anza is a leading Swedish supplier of painting tools, brushes, rollers and cleaners. Anza helps you with your painting projects. Read more here!\" \/>\n<meta name=\"robots\" content=\"noindex, follow\" \/>\n<meta property=\"og:locale\" content=\"nl_NL\" \/>\n<meta property=\"og:type\" content=\"website\" \/>\n<meta property=\"og:title\" content=\"Anza wereldwijd &#8211; Anza Benelux\" \/>\n<meta property=\"og:description\" content=\"Anza is a leading Swedish supplier of painting tools, brushes, rollers and cleaners. Anza helps you with your painting projects. Read more here!\" \/>\n<meta property=\"og:url\" content=\"https:\/\/staging.web9.wildweb.no\/nl\/anza-wereldwijd\/\" \/>\n<meta property=\"og:site_name\" content=\"Anza Benelux\" \/>\n<meta property=\"article:publisher\" content=\"https:\/\/www.facebook.com\/anzamaleriverktyg\/\" \/>\n<meta property=\"article:modified_time\" content=\"2026-02-06T09:01:48+00:00\" \/>\n<meta name=\"twitter:card\" content=\"summary_large_image\" \/>\n<meta name=\"twitter:label1\" content=\"Est. reading time\" \/>\n\t<meta name=\"twitter:data1\" content=\"3 minutes\" \/>\n<script type=\"application\/ld+json\" class=\"yoast-schema-graph\">{\"@context\":\"https:\\\/\\\/schema.org\",\"@graph\":[{\"@type\":\"WebPage\",\"@id\":\"https:\\\/\\\/staging.web9.wildweb.no\\\/nl\\\/anza-wereldwijd\\\/\",\"url\":\"https:\\\/\\\/staging.web9.wildweb.no\\\/nl\\\/anza-wereldwijd\\\/\",\"name\":\"Anza wereldwijd &#8211; Anza Benelux\",\"isPartOf\":{\"@id\":\"https:\\\/\\\/staging.web9.wildweb.no\\\/nl\\\/#website\"},\"datePublished\":\"2017-11-17T06:44:08+00:00\",\"dateModified\":\"2026-02-06T09:01:48+00:00\",\"description\":\"Anza is a leading Swedish supplier of painting tools, brushes, rollers and cleaners. Anza helps you with your painting projects. Read more here!\",\"breadcrumb\":{\"@id\":\"https:\\\/\\\/staging.web9.wildweb.no\\\/nl\\\/anza-wereldwijd\\\/#breadcrumb\"},\"inLanguage\":\"nl-NL\",\"potentialAction\":[{\"@type\":\"ReadAction\",\"target\":[\"https:\\\/\\\/staging.web9.wildweb.no\\\/nl\\\/anza-wereldwijd\\\/\"]}]},{\"@type\":\"BreadcrumbList\",\"@id\":\"https:\\\/\\\/staging.web9.wildweb.no\\\/nl\\\/anza-wereldwijd\\\/#breadcrumb\",\"itemListElement\":[{\"@type\":\"ListItem\",\"position\":1,\"name\":\"Home\",\"item\":\"https:\\\/\\\/staging.web9.wildweb.no\\\/nl\\\/\"},{\"@type\":\"ListItem\",\"position\":2,\"name\":\"Anza wereldwijd\"}]},{\"@type\":\"WebSite\",\"@id\":\"https:\\\/\\\/staging.web9.wildweb.no\\\/nl\\\/#website\",\"url\":\"https:\\\/\\\/staging.web9.wildweb.no\\\/nl\\\/\",\"name\":\"Anza Painting Tools\",\"description\":\"Brushes, rollers and tools that make painting easier\",\"publisher\":{\"@id\":\"https:\\\/\\\/staging.web9.wildweb.no\\\/nl\\\/#organization\"},\"alternateName\":\"Anza\",\"potentialAction\":[{\"@type\":\"SearchAction\",\"target\":{\"@type\":\"EntryPoint\",\"urlTemplate\":\"https:\\\/\\\/staging.web9.wildweb.no\\\/nl\\\/?s={search_term_string}\"},\"query-input\":{\"@type\":\"PropertyValueSpecification\",\"valueRequired\":true,\"valueName\":\"search_term_string\"}}],\"inLanguage\":\"nl-NL\"},{\"@type\":\"Organization\",\"@id\":\"https:\\\/\\\/staging.web9.wildweb.no\\\/nl\\\/#organization\",\"name\":\"Anza Painting Tools\",\"url\":\"https:\\\/\\\/staging.web9.wildweb.no\\\/nl\\\/\",\"logo\":{\"@type\":\"ImageObject\",\"inLanguage\":\"nl-NL\",\"@id\":\"https:\\\/\\\/staging.web9.wildweb.no\\\/nl\\\/#\\\/schema\\\/logo\\\/image\\\/\",\"url\":\"https:\\\/\\\/staging.web9.wildweb.no\\\/wp\\\/uploads\\\/sites\\\/23\\\/2023\\\/06\\\/ANZA_logo_2021_black_payoff_EN.png\",\"contentUrl\":\"https:\\\/\\\/staging.web9.wildweb.no\\\/wp\\\/uploads\\\/sites\\\/23\\\/2023\\\/06\\\/ANZA_logo_2021_black_payoff_EN.png\",\"width\":1582,\"height\":407,\"caption\":\"Anza Painting Tools\"},\"image\":{\"@id\":\"https:\\\/\\\/staging.web9.wildweb.no\\\/nl\\\/#\\\/schema\\\/logo\\\/image\\\/\"},\"sameAs\":[\"https:\\\/\\\/www.facebook.com\\\/anzamaleriverktyg\\\/\",\"https:\\\/\\\/www.instagram.com\\\/anza_maleriverktyg\\\/\",\"https:\\\/\\\/www.linkedin.com\\\/company\\\/10275943\\\/\",\"https:\\\/\\\/www.youtube.com\\\/channel\\\/UCRly6WXZuX-7p72l_6FeiCg\"]}]}<\/script>\n<!-- \/ Yoast SEO plugin. -->","yoast_head_json":{"title":"Anza wereldwijd &#8211; Anza Benelux","description":"Anza is a leading Swedish supplier of painting tools, brushes, rollers and cleaners. Anza helps you with your painting projects. Read more here!","robots":{"index":"noindex","follow":"follow"},"og_locale":"nl_NL","og_type":"website","og_title":"Anza wereldwijd &#8211; Anza Benelux","og_description":"Anza is a leading Swedish supplier of painting tools, brushes, rollers and cleaners. Anza helps you with your painting projects. Read more here!","og_url":"https:\/\/staging.web9.wildweb.no\/nl\/anza-wereldwijd\/","og_site_name":"Anza Benelux","article_publisher":"https:\/\/www.facebook.com\/anzamaleriverktyg\/","article_modified_time":"2026-02-06T09:01:48+00:00","twitter_card":"summary_large_image","twitter_misc":{"Est. reading time":"3 minutes"},"schema":{"@context":"https:\/\/schema.org","@graph":[{"@type":"WebPage","@id":"https:\/\/staging.web9.wildweb.no\/nl\/anza-wereldwijd\/","url":"https:\/\/staging.web9.wildweb.no\/nl\/anza-wereldwijd\/","name":"Anza wereldwijd &#8211; Anza Benelux","isPartOf":{"@id":"https:\/\/staging.web9.wildweb.no\/nl\/#website"},"datePublished":"2017-11-17T06:44:08+00:00","dateModified":"2026-02-06T09:01:48+00:00","description":"Anza is a leading Swedish supplier of painting tools, brushes, rollers and cleaners. Anza helps you with your painting projects. Read more here!","breadcrumb":{"@id":"https:\/\/staging.web9.wildweb.no\/nl\/anza-wereldwijd\/#breadcrumb"},"inLanguage":"nl-NL","potentialAction":[{"@type":"ReadAction","target":["https:\/\/staging.web9.wildweb.no\/nl\/anza-wereldwijd\/"]}]},{"@type":"BreadcrumbList","@id":"https:\/\/staging.web9.wildweb.no\/nl\/anza-wereldwijd\/#breadcrumb","itemListElement":[{"@type":"ListItem","position":1,"name":"Home","item":"https:\/\/staging.web9.wildweb.no\/nl\/"},{"@type":"ListItem","position":2,"name":"Anza wereldwijd"}]},{"@type":"WebSite","@id":"https:\/\/staging.web9.wildweb.no\/nl\/#website","url":"https:\/\/staging.web9.wildweb.no\/nl\/","name":"Anza Painting Tools","description":"Brushes, rollers and tools that make painting easier","publisher":{"@id":"https:\/\/staging.web9.wildweb.no\/nl\/#organization"},"alternateName":"Anza","potentialAction":[{"@type":"SearchAction","target":{"@type":"EntryPoint","urlTemplate":"https:\/\/staging.web9.wildweb.no\/nl\/?s={search_term_string}"},"query-input":{"@type":"PropertyValueSpecification","valueRequired":true,"valueName":"search_term_string"}}],"inLanguage":"nl-NL"},{"@type":"Organization","@id":"https:\/\/staging.web9.wildweb.no\/nl\/#organization","name":"Anza Painting Tools","url":"https:\/\/staging.web9.wildweb.no\/nl\/","logo":{"@type":"ImageObject","inLanguage":"nl-NL","@id":"https:\/\/staging.web9.wildweb.no\/nl\/#\/schema\/logo\/image\/","url":"https:\/\/staging.web9.wildweb.no\/wp\/uploads\/sites\/23\/2023\/06\/ANZA_logo_2021_black_payoff_EN.png","contentUrl":"https:\/\/staging.web9.wildweb.no\/wp\/uploads\/sites\/23\/2023\/06\/ANZA_logo_2021_black_payoff_EN.png","width":1582,"height":407,"caption":"Anza Painting Tools"},"image":{"@id":"https:\/\/staging.web9.wildweb.no\/nl\/#\/schema\/logo\/image\/"},"sameAs":["https:\/\/www.facebook.com\/anzamaleriverktyg\/","https:\/\/www.instagram.com\/anza_maleriverktyg\/","https:\/\/www.linkedin.com\/company\/10275943\/","https:\/\/www.youtube.com\/channel\/UCRly6WXZuX-7p72l_6FeiCg"]}]}},"_links":{"self":[{"href":"https:\/\/staging.web9.wildweb.no\/nl\/wp-json\/wp\/v2\/pages\/16022","targetHints":{"allow":["GET"]}}],"collection":[{"href":"https:\/\/staging.web9.wildweb.no\/nl\/wp-json\/wp\/v2\/pages"}],"about":[{"href":"https:\/\/staging.web9.wildweb.no\/nl\/wp-json\/wp\/v2\/types\/page"}],"author":[{"embeddable":true,"href":"https:\/\/staging.web9.wildweb.no\/nl\/wp-json\/wp\/v2\/users\/1"}],"replies":[{"embeddable":true,"href":"https:\/\/staging.web9.wildweb.no\/nl\/wp-json\/wp\/v2\/comments?post=16022"}],"version-history":[{"count":3,"href":"https:\/\/staging.web9.wildweb.no\/nl\/wp-json\/wp\/v2\/pages\/16022\/revisions"}],"predecessor-version":[{"id":28015,"href":"https:\/\/staging.web9.wildweb.no\/nl\/wp-json\/wp\/v2\/pages\/16022\/revisions\/28015"}],"wp:attachment":[{"href":"https:\/\/staging.web9.wildweb.no\/nl\/wp-json\/wp\/v2\/media?parent=16022"}],"curies":[{"name":"wp","href":"https:\/\/api.w.org\/{rel}","templated":true}]}}